{"id":132,"date":"2022-03-23T13:27:38","date_gmt":"2022-03-23T04:27:38","guid":{"rendered":"https:\/\/ahreco.vn\/?page_id=132"},"modified":"2022-03-28T15:54:36","modified_gmt":"2022-03-28T06:54:36","slug":"4-reasons","status":"publish","type":"page","link":"https:\/\/ahreco.vn\/vi\/4-reasons\/","title":{"rendered":"4 L\u00dd DO \u0110\u1ec2 L\u1ef0A CH\u1eccN CH\u00daNG T\u00d4I"},"content":{"rendered":"<h3 class=\"has-text-align-center is-style-vk-heading-double_black wp-block-heading\"><strong>CH\u1ea4T L\u01af\u1ee2NG GI\u00c1O D\u1ee4C CAO<\/strong><\/h3>\n\n\n\n<div class=\"wp-block-columns is-layout-flex wp-container-core-columns-is-layout-9d6595d7 wp-block-columns-is-layout-flex\">\n<div class=\"wp-block-column is-layout-flow wp-block-column-is-layout-flow\" style=\"flex-basis:33.33%\">\n<figure class=\"wp-block-image size-large\"><img loading=\"lazy\" decoding=\"async\" width=\"1024\" height=\"683\" src=\"https:\/\/ahreco.vn\/wp-content\/uploads\/2022\/03\/sakiphotoPAR537331259_TP_V-1024x683.jpg\" alt=\"\" class=\"wp-image-135\" srcset=\"https:\/\/ahreco.vn\/wp-content\/uploads\/2022\/03\/sakiphotoPAR537331259_TP_V-1024x683.jpg 1024w, https:\/\/ahreco.vn\/wp-content\/uploads\/2022\/03\/sakiphotoPAR537331259_TP_V-300x200.jpg 300w, https:\/\/ahreco.vn\/wp-content\/uploads\/2022\/03\/sakiphotoPAR537331259_TP_V-768x512.jpg 768w, https:\/\/ahreco.vn\/wp-content\/uploads\/2022\/03\/sakiphotoPAR537331259_TP_V-1536x1024.jpg 1536w, https:\/\/ahreco.vn\/wp-content\/uploads\/2022\/03\/sakiphotoPAR537331259_TP_V.jpg 1600w\" sizes=\"auto, (max-width: 1024px) 100vw, 1024px\" \/><\/figure>\n<\/div>\n\n\n\n<div class=\"wp-block-column is-layout-flow wp-block-column-is-layout-flow\" style=\"flex-basis:66.66%\">\n<p>M\u1ed9t trong nh\u1eefng kh\u00eda c\u1ea1nh quan tr\u1ecdng m\u00e0 C\u00f4ng ty TNHH \u0110\u00e0o T\u1ea1o Nh\u00e2n L\u1ef1c \u00c1 Ch\u00e2u lu\u00f4n \u0111\u1ec1 cao l\u00e0 x\u00e2y d\u1ef1ng \u0111\u1ed9i ng\u0169 nh\u00e2n vi\u00ean c\u00f3 tr\u00ecnh \u0111\u1ed9, c\u00f3 c\u01a1 s\u1edf \u0111\u00e0o t\u1ea1o chuy\u00ean nghi\u1ec7p, quy m\u00f4 \u0111\u00e0o t\u1ea1o t\u1ed1t nh\u1ea5t. Ch\u00fang t\u00f4i \u0111\u1eb7t c\u00f4ng t\u00e1c \u0111\u00e0o t\u1ea1o ngo\u1ea1i ng\u1eef v\u00e0 gi\u00e1o d\u1ee5c \u0111\u1ecbnh h\u01b0\u1edbng tr\u01b0\u1edbc khi xu\u1ea5t c\u1ea3nh l\u00ean h\u00e0ng \u0111\u1ea7u. C\u00e1c \u1ee9ng vi\u00ean \u0111\u01b0\u1ee3c \u0111\u00e0o t\u1ea1o tr\u1ef1c ti\u1ebfp t\u1ea1i C\u01a1 s\u1edf \u0111\u00e0o t\u1ea1o c\u1ee7a c\u00f4ng ty, l\u00e0 c\u01a1 s\u1edf r\u1ed9ng h\u01a1n 3000m2 do \u0111\u1ed1i t\u00e1c Nh\u1eadt b\u1ea3n h\u1ed7 tr\u1ee3 x\u00e2y d\u1ef1ng v\u00e0 t\u00e0i tr\u1ee3 trang thi\u1ebft b\u1ecb. V\u1edbi 15 gi\u00e1o vi\u00ean ng\u01b0\u1eddi Vi\u1ec7t Nam t\u00e2m huy\u1ebft, chuy\u00ean m\u00f4n cao v\u00e0 3 gi\u00e1o vi\u00ean ng\u01b0\u1eddi Nh\u1eadt B\u1ea3n, ch\u00fang t\u00f4i c\u00f3 th\u1ec3 tr\u1ef1c ti\u1ebfp gi\u1ea3ng d\u1ea1y, h\u1ed7 tr\u1ee3 \u0111\u1eddi s\u1ed1ng cho c\u00f9ng l\u00fac 200 \u1ee9ng vi\u00ean. Ngo\u00e0i ti\u1ebfng Nh\u1eadt, v\u0103n h\u00f3a Nh\u1eadt B\u1ea3n, ch\u00fang t\u00f4i c\u00f2n c\u1eed c\u00e1c b\u1ea1n t\u1edbi c\u00e1c nh\u00e0 m\u00e1y, trung t\u00e2m d\u1ea1y ngh\u1ec1 \u0111\u1ec3 \u0111\u00e0o t\u1ea1o ph\u1ea7n n\u00e0o c\u00e1c k\u1ef9 n\u0103ng ngh\u1ec1 c\u1ea7n thi\u1ebft cho c\u00f4ng vi\u1ec7c. M\u1ee5c ti\u00eau l\u00e0 trang b\u1ecb t\u1ed1t nh\u1ea5t ngu\u1ed3n nh\u00e2n l\u1ef1c \u0111\u1ee7 tr\u00ecnh \u0111\u1ed9 ngo\u1ea1i ng\u1eef, hi\u1ec3u bi\u1ebft v\u0103n h\u00f3a x\u00e3 h\u1ed9i n\u01b0\u1edbc b\u1ea1n, v\u00e0 c\u00f3 s\u1eb5n s\u1ef1 chu\u1ea9n b\u1ecb v\u1ec1 ng\u00e0nh ngh\u1ec1 s\u1ebd tu nghi\u1ec7p, \u0111\u1ec3 c\u00e1c b\u1ea1n \u1ee9ng vi\u00ean c\u00f3 th\u1ec3 ngay v\u00e0 lu\u00f4n h\u1ecdc t\u1eadp, tu nghi\u1ec7p, ti\u1ebfp thu nhanh ch\u00f3ng k\u1ef9 thu\u1eadt m\u1edbi ti\u00ean ti\u1ebfn t\u1ea1i Nh\u1eadt B\u1ea3n m\u00e0 kh\u00f4ng g\u1eb7p tr\u1edf ng\u1ea1i.<\/p>\n<\/div>\n<\/div>\n\n\n\n<h3 class=\"has-text-align-center is-style-vk-heading-double_black wp-block-heading\"><strong>2. B\u00c1O C\u00c1O H\u1eccC T\u1eacP THEO TH\u00c1NG<\/strong><\/h3>\n\n\n\n<div class=\"wp-block-columns is-layout-flex wp-container-core-columns-is-layout-9d6595d7 wp-block-columns-is-layout-flex\">\n<div class=\"wp-block-column is-layout-flow wp-block-column-is-layout-flow\" style=\"flex-basis:33.33%\">\n<figure class=\"wp-block-image size-large\"><img loading=\"lazy\" decoding=\"async\" width=\"751\" height=\"1024\" src=\"https:\/\/ahreco.vn\/wp-content\/uploads\/2022\/03\/\u5b66\u7fd2\u5831\u544a\u66f8\u306e\u30b3\u30d2\u309a\u30fc-751x1024.png\" alt=\"\" class=\"wp-image-134\" srcset=\"https:\/\/ahreco.vn\/wp-content\/uploads\/2022\/03\/\u5b66\u7fd2\u5831\u544a\u66f8\u306e\u30b3\u30d2\u309a\u30fc-751x1024.png 751w, https:\/\/ahreco.vn\/wp-content\/uploads\/2022\/03\/\u5b66\u7fd2\u5831\u544a\u66f8\u306e\u30b3\u30d2\u309a\u30fc-220x300.png 220w, https:\/\/ahreco.vn\/wp-content\/uploads\/2022\/03\/\u5b66\u7fd2\u5831\u544a\u66f8\u306e\u30b3\u30d2\u309a\u30fc-768x1047.png 768w, https:\/\/ahreco.vn\/wp-content\/uploads\/2022\/03\/\u5b66\u7fd2\u5831\u544a\u66f8\u306e\u30b3\u30d2\u309a\u30fc.png 877w\" sizes=\"auto, (max-width: 751px) 100vw, 751px\" \/><\/figure>\n<\/div>\n\n\n\n<div class=\"wp-block-column is-layout-flow wp-block-column-is-layout-flow\" style=\"flex-basis:66.66%\">\n<p>H\u00e0ng th\u00e1ng, ch\u00fang t\u00f4i t\u1ed5ng h\u1ee3p th\u00e0nh t\u00edch h\u1ecdc t\u1eadp c\u1ee7a h\u1ecdc sinh th\u00e0nh m\u1ed9t b\u00e1o c\u00e1o k\u1ebft qu\u1ea3 h\u1ecdc t\u1eadp kh\u1ed5 A4 v\u00e0 g\u1eedi \u0111\u1ebfn cho c\u00e1c kh\u00e1ch h\u00e0ng v\u00e0 h\u1ecdc sinh.<br>1. th\u00f4ng tin c\u01a1 b\u1ea3n c\u1ee7a h\u1ecdc vi\u00ean<br>\u1ea2nh c\u1ee7a h\u1ecdc vi\u00ean<br>\u0110i\u1ec3m s\u1ed1 c\u00e1c b\u00e0i ki\u1ec3m tra \u0111\u01b0\u1ee3c hi\u1ec3n th\u1ecb b\u1eb1ng%. \u0110\u00e1nh gi\u00e1 b\u1eb1ng 4 c\u1ea5p \u0111\u1ed9 ABCD<br>B\u1ea3n \u0111\u1ed3 c\u1ed9t t\u00ecnh tr\u1ea1ng h\u1ecdc t\u1eadp c\u1ee7a h\u1ecdc vi\u00ean<br>(h\u1ea1ng m\u1ee5c h\u1ecdc t\u1eadp, \u0111i\u1ec3m s\u1ed1(%), t\u1ed5ng \u0111i\u1ec3m)<br>ngo\u00e0i k\u1ebft qu\u1ea3 ki\u1ec3m tra 2 b\u1ea3ng ch\u1eef c\u00e1i ban \u0111\u1ea7u th\u00ec c\u1ee9 5 b\u00e0i s\u1ebd ghi k\u1ebft qu\u1ea3 1 l\u1ea7n<br>\u0110\u00e1nh gi\u00e1 v\u00e0 \u0111\u1ed1i s\u00e1ch<br>Gi\u00e1o vi\u00ean ch\u1ee7 nhi\u1ec7m s\u1ebd ghi l\u1ea1i th\u00e1i \u0111\u1ed9 v\u00e0 t\u00ecnh tr\u1ea1ng h\u1ecdc t\u1eadp c\u1ee7a h\u1ecdc vi\u00ean. N\u1ebfu c\u00f3 v\u1ea5n \u0111\u1ec1 th\u00ec s\u1ebd ghi \u0111\u1ed1i s\u00e1ch<\/p>\n<\/div>\n<\/div>\n\n\n\n<h3 class=\"has-text-align-center is-style-vk-heading-double_black wp-block-heading\"><strong>H\u1ed6 TR\u1ee2 TTS SAU KHI XU\u1ea4T C\u1ea2NH<\/strong><\/h3>\n\n\n\n<div class=\"wp-block-columns is-layout-flex wp-container-core-columns-is-layout-9d6595d7 wp-block-columns-is-layout-flex\">\n<div class=\"wp-block-column is-layout-flow wp-block-column-is-layout-flow\" style=\"flex-basis:33.33%\">\n<figure class=\"wp-block-image size-full\"><img loading=\"lazy\" decoding=\"async\" width=\"462\" height=\"292\" src=\"https:\/\/ahreco.vn\/wp-content\/uploads\/2022\/03\/IMG_0238_heic.webp\" alt=\"\" class=\"wp-image-138\" srcset=\"https:\/\/ahreco.vn\/wp-content\/uploads\/2022\/03\/IMG_0238_heic.webp 462w, https:\/\/ahreco.vn\/wp-content\/uploads\/2022\/03\/IMG_0238_heic-300x190.webp 300w\" sizes=\"auto, (max-width: 462px) 100vw, 462px\" \/><\/figure>\n<\/div>\n\n\n\n<div class=\"wp-block-column is-layout-flow wp-block-column-is-layout-flow\" style=\"flex-basis:66.66%\">\n<p>\u00c1 CH\u00c2U c\u00f3 ng\u01b0\u1eddi ph\u1ee5 tr\u00e1ch li\u00ean h\u1ec7 v\u1edbi t\u1ea5t c\u1ea3 h\u1ecdc sinh \u0111\u00e3 xu\u1ea5t c\u1ea3nh. N\u1ebfu c\u00f3 v\u1ea5n \u0111\u1ec1 ho\u1eb7c phi\u1ec1n n\u00e3o g\u00ec s\u1ebd b\u00e1o c\u00e1o cho nghi\u1ec7p \u0111o\u00e0n<\/p>\n<\/div>\n<\/div>\n\n\n\n<h3 class=\"has-text-align-center is-style-vk-heading-double_black wp-block-heading\"><strong>H\u1ed6 TR\u1ee2 SAU KHI V\u1ec0 N\u01af\u1edaC<\/strong><\/h3>\n\n\n\n<p>Gi\u1edbi thi\u1ec7u vi\u1ec7c l\u00e0m \u0111\u1ec3 c\u00f3 th\u1ec3 \u1ee9ng d\u1ee5ng nh\u1eefng ki\u1ebfn th\u1ee9c \u0111\u00e3 h\u1ecdc \u1edf Nh\u1eadt nh\u01b0: ti\u1ebfng Nh\u1eadt, kinh nghi\u1ec7m l\u00e0m vi\u1ec7c. Ngo\u00e0i ra h\u1ed7 tr\u1ee3 th\u1ee7 t\u1ee5c ho\u00e0n thu\u1ebf v\u00e0 h\u1ed7 tr\u1ee3 th\u1ee7 t\u1ee5c quay l\u1ea1i TTS s\u1ed1 3. C\u1ee5 th\u1ec3 l\u00e0 3 m\u1ee5c \u0111\u01b0\u1ee3c ghi d\u01b0\u1edbi \u0111\u00e2y<\/p>\n\n\n\n<div class=\"wp-block-columns is-layout-flex wp-container-core-columns-is-layout-9d6595d7 wp-block-columns-is-layout-flex\">\n<div class=\"wp-block-column is-layout-flow wp-block-column-is-layout-flow\">\n<figure class=\"wp-block-image size-full\"><img loading=\"lazy\" decoding=\"async\" width=\"626\" height=\"400\" src=\"https:\/\/ahreco.vn\/wp-content\/uploads\/2022\/03\/02-\u6280\u80fd\u5b9f\u7fd2\u751f\u6d3e\u9063\u4e8b\u696d.webp\" alt=\"\" class=\"wp-image-139\" srcset=\"https:\/\/ahreco.vn\/wp-content\/uploads\/2022\/03\/02-\u6280\u80fd\u5b9f\u7fd2\u751f\u6d3e\u9063\u4e8b\u696d.webp 626w, https:\/\/ahreco.vn\/wp-content\/uploads\/2022\/03\/02-\u6280\u80fd\u5b9f\u7fd2\u751f\u6d3e\u9063\u4e8b\u696d-300x192.webp 300w\" sizes=\"auto, (max-width: 626px) 100vw, 626px\" \/><figcaption>1. Quay l\u1ea1i Nh\u1eadt v\u1edbi t\u01b0 c\u00e1ch l\u00e0 TTS s\u1ed1 3<\/figcaption><\/figure>\n<\/div>\n\n\n\n<div class=\"wp-block-column is-layout-flow wp-block-column-is-layout-flow\">\n<figure class=\"wp-block-image size-full\"><img loading=\"lazy\" decoding=\"async\" width=\"612\" height=\"400\" src=\"https:\/\/ahreco.vn\/wp-content\/uploads\/2022\/03\/03-\u7279\u5b9a\u6280\u80fd.webp\" alt=\"\" class=\"wp-image-140\" srcset=\"https:\/\/ahreco.vn\/wp-content\/uploads\/2022\/03\/03-\u7279\u5b9a\u6280\u80fd.webp 612w, https:\/\/ahreco.vn\/wp-content\/uploads\/2022\/03\/03-\u7279\u5b9a\u6280\u80fd-300x196.webp 300w\" sizes=\"auto, (max-width: 612px) 100vw, 612px\" \/><figcaption>Quay l\u1ea1i Nh\u1eadt v\u1edbi t\u01b0 c\u00e1ch k\u1ef9 n\u0103ng \u0111\u1eb7c \u0111\u1ecbnh<\/figcaption><\/figure>\n<\/div>\n\n\n\n<div class=\"wp-block-column is-layout-flow wp-block-column-is-layout-flow\">\n<figure class=\"wp-block-image size-full\"><img loading=\"lazy\" decoding=\"async\" width=\"602\" height=\"400\" src=\"https:\/\/ahreco.vn\/wp-content\/uploads\/2022\/03\/06-\u5f0a\u793e\u3066\u3099\u7d4c\u55b6\u4e2d\u306e\u7e2b\u88fd\u5de5\u5834.webp\" alt=\"\" class=\"wp-image-141\" srcset=\"https:\/\/ahreco.vn\/wp-content\/uploads\/2022\/03\/06-\u5f0a\u793e\u3066\u3099\u7d4c\u55b6\u4e2d\u306e\u7e2b\u88fd\u5de5\u5834.webp 602w, https:\/\/ahreco.vn\/wp-content\/uploads\/2022\/03\/06-\u5f0a\u793e\u3066\u3099\u7d4c\u55b6\u4e2d\u306e\u7e2b\u88fd\u5de5\u5834-300x199.webp 300w\" sizes=\"auto, (max-width: 602px) 100vw, 602px\" \/><figcaption>Gi\u1edbi thi\u1ec7u t\u1edbi nh\u1eefng x\u00ed nghi\u1ec7p \u01b0u t\u00fa trong n\u01b0\u1edbc<\/figcaption><\/figure>\n<\/div>\n<\/div>\n\n\n\n<p><\/p>\n<div class=\"veu_socialSet veu_socialSet-position-after veu_contentAddSection\"><script>window.twttr=(function(d,s,id){var js,fjs=d.getElementsByTagName(s)[0],t=window.twttr||{};if(d.getElementById(id))return t;js=d.createElement(s);js.id=id;js.src=\"https:\/\/platform.twitter.com\/widgets.js\";fjs.parentNode.insertBefore(js,fjs);t._e=[];t.ready=function(f){t._e.push(f);};return t;}(document,\"script\",\"twitter-wjs\"));<\/script><ul><li class=\"sb_facebook sb_icon\"><a class=\"sb_icon_inner\" href=\"\/\/www.facebook.com\/sharer.php?src=bm&u=https%3A%2F%2Fahreco.vn%2Fvi%2F4-reasons%2F&amp;t=%E3%82%A2%E3%82%B8%E3%82%A2%E4%BA%BA%E6%9D%90%E8%82%B2%E6%88%90%E6%9C%89%E9%99%90%E4%BC%9A%E7%A4%BE%EF%BC%88AHRE.CO%EF%BC%89\" target=\"_blank\" onclick=\"window.open(this.href,'FBwindow','width=650,height=450,menubar=no,toolbar=no,scrollbars=yes');return false;\"><span class=\"vk_icon_w_r_sns_fb icon_sns\"><\/span><span class=\"sns_txt\">Facebook<\/span><span class=\"veu_count_sns_fb\"><\/span><\/a><\/li><li class=\"sb_twitter sb_icon\"><a class=\"sb_icon_inner\" href=\"\/\/twitter.com\/intent\/tweet?url=https%3A%2F%2Fahreco.vn%2Fvi%2F4-reasons%2F&amp;text=%E3%82%A2%E3%82%B8%E3%82%A2%E4%BA%BA%E6%9D%90%E8%82%B2%E6%88%90%E6%9C%89%E9%99%90%E4%BC%9A%E7%A4%BE%EF%BC%88AHRE.CO%EF%BC%89\" target=\"_blank\" ><span class=\"vk_icon_w_r_sns_twitter icon_sns\"><\/span><span class=\"sns_txt\">twitter<\/span><\/a><\/li><li class=\"sb_copy sb_icon\"><button class=\"copy-button sb_icon_inner\"data-clipboard-text=\"\u30a2\u30b8\u30a2\u4eba\u6750\u80b2\u6210\u6709\u9650\u4f1a\u793e\uff08AHRE.CO\uff09 https:\/\/ahreco.vn\/vi\/4-reasons\/\"><span class=\"vk_icon_w_r_sns_copy icon_sns\"><i class=\"fas fa-copy\"><\/i><\/span><span class=\"sns_txt\">Copy<\/span><\/button><\/li><\/ul><\/div><!-- [ \/.socialSet ] -->","protected":false},"excerpt":{"rendered":"<p>1.\u8cea\u306e\u9ad8\u3044\u6559\u80b2 \u5f0a\u793e\u306f\u300e\u6559\u80b2\u300f\u306b\u4e00\u756a\u91cd\u304d\u3092\u7f6e\u304d\u3001\u65e5\u672c\u8a9e\u6559\u5e2b20\u540d\u3001\u65e5\u672c\u4eba\u6559\u5e2b3\u540d\u3092\u64c1\u3059\u6559\u80b2\u30bb\u30f3\u30bf\u30fc\uff08\u8077\u696d\u8a13\u7df4 [&hellip;]<\/p>","protected":false},"author":1,"featured_media":0,"parent":0,"menu_order":10,"comment_status":"closed","ping_status":"closed","template":"","meta":{"vkexunit_cta_each_option":"","footnotes":""},"class_list":["post-132","page","type-page","status-publish","hentry"],"aioseo_notices":[],"_links":{"self":[{"href":"https:\/\/ahreco.vn\/vi\/wp-json\/wp\/v2\/pages\/132","targetHints":{"allow":["GET"]}}],"collection":[{"href":"https:\/\/ahreco.vn\/vi\/wp-json\/wp\/v2\/pages"}],"about":[{"href":"https:\/\/ahreco.vn\/vi\/wp-json\/wp\/v2\/types\/page"}],"author":[{"embeddable":true,"href":"https:\/\/ahreco.vn\/vi\/wp-json\/wp\/v2\/users\/1"}],"replies":[{"embeddable":true,"href":"https:\/\/ahreco.vn\/vi\/wp-json\/wp\/v2\/comments?post=132"}],"version-history":[{"count":5,"href":"https:\/\/ahreco.vn\/vi\/wp-json\/wp\/v2\/pages\/132\/revisions"}],"predecessor-version":[{"id":515,"href":"https:\/\/ahreco.vn\/vi\/wp-json\/wp\/v2\/pages\/132\/revisions\/515"}],"wp:attachment":[{"href":"https:\/\/ahreco.vn\/vi\/wp-json\/wp\/v2\/media?parent=132"}],"curies":[{"name":"wp","href":"https:\/\/api.w.org\/{rel}","templated":true}]}}