{"id":25,"date":"2022-03-23T07:32:27","date_gmt":"2022-03-22T22:32:27","guid":{"rendered":"https:\/\/ahreco.vn\/?page_id=25"},"modified":"2024-11-22T12:01:06","modified_gmt":"2024-11-22T03:01:06","slug":"job","status":"publish","type":"page","link":"https:\/\/ahreco.vn\/vi\/job\/","title":{"rendered":"Tuy\u1ec3n D\u1ee5ng"},"content":{"rendered":"<h3 class=\"has-text-align-center is-style-vk-heading-double_black wp-block-heading\"><strong>Th\u1ef1c t\u1eadp sinh k\u1ef9 n\u0103ng<\/strong><\/h3>\n\n\n\n<div class=\"wp-block-cover aligncenter is-light vk_block-margin-0--margin-top\"><span aria-hidden=\"true\" class=\"wp-block-cover__background has-white-background-color has-background-dim-80 has-background-dim\"><\/span><img loading=\"lazy\" decoding=\"async\" width=\"640\" height=\"404\" class=\"wp-block-cover__image-background wp-image-294\" alt=\"\" src=\"https:\/\/ahreco.vn\/wp-content\/uploads\/2022\/03\/2987946_s-1.jpg\" style=\"object-position:42% 5%\" data-object-fit=\"cover\" data-object-position=\"42% 5%\" srcset=\"https:\/\/ahreco.vn\/wp-content\/uploads\/2022\/03\/2987946_s-1.jpg 640w, https:\/\/ahreco.vn\/wp-content\/uploads\/2022\/03\/2987946_s-1-300x189.jpg 300w\" sizes=\"auto, (max-width: 640px) 100vw, 640px\" \/><div class=\"wp-block-cover__inner-container is-layout-flow wp-block-cover-is-layout-flow\">\n<p class=\"has-text-align-left has-small-font-size\"><strong>Th\u1ef1c t\u1eadp sinh k\u1ef9 n\u0103ng l\u00e0 ho\u1ea1t \u0111\u1ed9ng \u0111\u01b0a ng\u01b0\u1eddi lao \u0111\u1ed9ng sang Nh\u1eadt B\u1ea3n l\u00e0m vi\u1ec7c, n\u00e2ng cao tay ngh\u1ec1, k\u1ef9 n\u0103ng, c\u1ea3i thi\u1ec7n t\u00e1c phong l\u00e0m vi\u1ec7c c\u00f4ng nghi\u1ec7p, ngo\u1ea1i ng\u1eef,\u2026 sau \u0111\u00f3 quay tr\u1edf v\u1ec1 l\u00e0m vi\u1ec7c v\u00e0 \u0111\u00f3ng g\u00f3p cho Vi\u1ec7t Nam.<\/strong><\/p>\n\n\n\n<h2 class=\"has-text-align-center is-style-vk-heading-both_ends has-regular-font-size wp-block-heading\"><span class=\"vk-heading__text-wrapper\">\u0110\u01a1n H\u00e0ng ( TTS k\u1ef9 n\u0103ng )<\/span><\/h2>\n\n\n\n<div class=\"wp-block-columns is-layout-flex wp-container-core-columns-is-layout-9d6595d7 wp-block-columns-is-layout-flex\">\n<div class=\"wp-block-column is-layout-flow wp-block-column-is-layout-flow\">\n<figure class=\"wp-block-image size-large\"><img loading=\"lazy\" decoding=\"async\" width=\"617\" height=\"1024\" src=\"https:\/\/ahreco.vn\/wp-content\/uploads\/2024\/11\/z6030990622343_c30733e3dccd8ffa09e4eaab5c8db39f-617x1024.jpg\" alt=\"\" class=\"wp-image-943\" srcset=\"https:\/\/ahreco.vn\/wp-content\/uploads\/2024\/11\/z6030990622343_c30733e3dccd8ffa09e4eaab5c8db39f-617x1024.jpg 617w, https:\/\/ahreco.vn\/wp-content\/uploads\/2024\/11\/z6030990622343_c30733e3dccd8ffa09e4eaab5c8db39f-181x300.jpg 181w, https:\/\/ahreco.vn\/wp-content\/uploads\/2024\/11\/z6030990622343_c30733e3dccd8ffa09e4eaab5c8db39f-768x1274.jpg 768w, https:\/\/ahreco.vn\/wp-content\/uploads\/2024\/11\/z6030990622343_c30733e3dccd8ffa09e4eaab5c8db39f-926x1536.jpg 926w, https:\/\/ahreco.vn\/wp-content\/uploads\/2024\/11\/z6030990622343_c30733e3dccd8ffa09e4eaab5c8db39f-7x12.jpg 7w, https:\/\/ahreco.vn\/wp-content\/uploads\/2024\/11\/z6030990622343_c30733e3dccd8ffa09e4eaab5c8db39f.jpg 1058w\" sizes=\"auto, (max-width: 617px) 100vw, 617px\" \/><\/figure>\n<\/div>\n\n\n\n<div class=\"wp-block-column is-layout-flow wp-block-column-is-layout-flow\">\n<figure class=\"wp-block-image size-large\"><img loading=\"lazy\" decoding=\"async\" width=\"600\" height=\"1024\" src=\"https:\/\/ahreco.vn\/wp-content\/uploads\/2024\/11\/z6030990629100_52cb90242f8e169ac1a9c12629395652-600x1024.jpg\" alt=\"\" class=\"wp-image-944\" srcset=\"https:\/\/ahreco.vn\/wp-content\/uploads\/2024\/11\/z6030990629100_52cb90242f8e169ac1a9c12629395652-600x1024.jpg 600w, https:\/\/ahreco.vn\/wp-content\/uploads\/2024\/11\/z6030990629100_52cb90242f8e169ac1a9c12629395652-176x300.jpg 176w, https:\/\/ahreco.vn\/wp-content\/uploads\/2024\/11\/z6030990629100_52cb90242f8e169ac1a9c12629395652-768x1311.jpg 768w, https:\/\/ahreco.vn\/wp-content\/uploads\/2024\/11\/z6030990629100_52cb90242f8e169ac1a9c12629395652-900x1536.jpg 900w, https:\/\/ahreco.vn\/wp-content\/uploads\/2024\/11\/z6030990629100_52cb90242f8e169ac1a9c12629395652-7x12.jpg 7w, https:\/\/ahreco.vn\/wp-content\/uploads\/2024\/11\/z6030990629100_52cb90242f8e169ac1a9c12629395652.jpg 1051w\" sizes=\"auto, (max-width: 600px) 100vw, 600px\" \/><\/figure>\n<\/div>\n\n\n\n<div class=\"wp-block-column is-layout-flow wp-block-column-is-layout-flow\">\n<figure class=\"wp-block-image size-large\"><img loading=\"lazy\" decoding=\"async\" width=\"584\" height=\"1024\" src=\"https:\/\/ahreco.vn\/wp-content\/uploads\/2024\/11\/z6030990636662_2bb248fdd7d073899a685f2faa8cd191-584x1024.jpg\" alt=\"\" class=\"wp-image-945\" srcset=\"https:\/\/ahreco.vn\/wp-content\/uploads\/2024\/11\/z6030990636662_2bb248fdd7d073899a685f2faa8cd191-584x1024.jpg 584w, https:\/\/ahreco.vn\/wp-content\/uploads\/2024\/11\/z6030990636662_2bb248fdd7d073899a685f2faa8cd191-171x300.jpg 171w, https:\/\/ahreco.vn\/wp-content\/uploads\/2024\/11\/z6030990636662_2bb248fdd7d073899a685f2faa8cd191-768x1348.jpg 768w, https:\/\/ahreco.vn\/wp-content\/uploads\/2024\/11\/z6030990636662_2bb248fdd7d073899a685f2faa8cd191-875x1536.jpg 875w, https:\/\/ahreco.vn\/wp-content\/uploads\/2024\/11\/z6030990636662_2bb248fdd7d073899a685f2faa8cd191-7x12.jpg 7w, https:\/\/ahreco.vn\/wp-content\/uploads\/2024\/11\/z6030990636662_2bb248fdd7d073899a685f2faa8cd191.jpg 1007w\" sizes=\"auto, (max-width: 584px) 100vw, 584px\" \/><\/figure>\n<\/div>\n<\/div>\n\n\n\n<div class=\"wp-block-columns is-layout-flex wp-container-core-columns-is-layout-9d6595d7 wp-block-columns-is-layout-flex\">\n<div class=\"wp-block-column is-layout-flow wp-block-column-is-layout-flow\">\n<figure class=\"wp-block-image size-large\"><img loading=\"lazy\" decoding=\"async\" width=\"585\" height=\"1024\" src=\"https:\/\/ahreco.vn\/wp-content\/uploads\/2024\/11\/z6030990642322_88eb38ddc13531d758d46e277ae0e41f-585x1024.jpg\" alt=\"\" class=\"wp-image-946\" srcset=\"https:\/\/ahreco.vn\/wp-content\/uploads\/2024\/11\/z6030990642322_88eb38ddc13531d758d46e277ae0e41f-585x1024.jpg 585w, https:\/\/ahreco.vn\/wp-content\/uploads\/2024\/11\/z6030990642322_88eb38ddc13531d758d46e277ae0e41f-171x300.jpg 171w, https:\/\/ahreco.vn\/wp-content\/uploads\/2024\/11\/z6030990642322_88eb38ddc13531d758d46e277ae0e41f-768x1344.jpg 768w, https:\/\/ahreco.vn\/wp-content\/uploads\/2024\/11\/z6030990642322_88eb38ddc13531d758d46e277ae0e41f-878x1536.jpg 878w, https:\/\/ahreco.vn\/wp-content\/uploads\/2024\/11\/z6030990642322_88eb38ddc13531d758d46e277ae0e41f-7x12.jpg 7w, https:\/\/ahreco.vn\/wp-content\/uploads\/2024\/11\/z6030990642322_88eb38ddc13531d758d46e277ae0e41f.jpg 1019w\" sizes=\"auto, (max-width: 585px) 100vw, 585px\" \/><\/figure>\n<\/div>\n\n\n\n<div class=\"wp-block-column is-layout-flow wp-block-column-is-layout-flow\">\n<figure class=\"wp-block-image size-large\"><img loading=\"lazy\" decoding=\"async\" width=\"583\" height=\"1024\" src=\"https:\/\/ahreco.vn\/wp-content\/uploads\/2024\/11\/z6030990649166_7786ba9738cfe3bec85d54ed275f3b21-583x1024.jpg\" alt=\"\" class=\"wp-image-947\" srcset=\"https:\/\/ahreco.vn\/wp-content\/uploads\/2024\/11\/z6030990649166_7786ba9738cfe3bec85d54ed275f3b21-583x1024.jpg 583w, https:\/\/ahreco.vn\/wp-content\/uploads\/2024\/11\/z6030990649166_7786ba9738cfe3bec85d54ed275f3b21-171x300.jpg 171w, https:\/\/ahreco.vn\/wp-content\/uploads\/2024\/11\/z6030990649166_7786ba9738cfe3bec85d54ed275f3b21-768x1349.jpg 768w, https:\/\/ahreco.vn\/wp-content\/uploads\/2024\/11\/z6030990649166_7786ba9738cfe3bec85d54ed275f3b21-875x1536.jpg 875w, https:\/\/ahreco.vn\/wp-content\/uploads\/2024\/11\/z6030990649166_7786ba9738cfe3bec85d54ed275f3b21-7x12.jpg 7w, https:\/\/ahreco.vn\/wp-content\/uploads\/2024\/11\/z6030990649166_7786ba9738cfe3bec85d54ed275f3b21.jpg 1018w\" sizes=\"auto, (max-width: 583px) 100vw, 583px\" \/><\/figure>\n<\/div>\n\n\n\n<div class=\"wp-block-column is-layout-flow wp-block-column-is-layout-flow\">\n<figure class=\"wp-block-image size-large\"><img loading=\"lazy\" decoding=\"async\" width=\"626\" height=\"1024\" src=\"https:\/\/ahreco.vn\/wp-content\/uploads\/2024\/11\/z6030990653737_efa791eada47150f3d947580233dfb54-626x1024.jpg\" alt=\"\" class=\"wp-image-948\" srcset=\"https:\/\/ahreco.vn\/wp-content\/uploads\/2024\/11\/z6030990653737_efa791eada47150f3d947580233dfb54-626x1024.jpg 626w, https:\/\/ahreco.vn\/wp-content\/uploads\/2024\/11\/z6030990653737_efa791eada47150f3d947580233dfb54-183x300.jpg 183w, https:\/\/ahreco.vn\/wp-content\/uploads\/2024\/11\/z6030990653737_efa791eada47150f3d947580233dfb54-768x1256.jpg 768w, https:\/\/ahreco.vn\/wp-content\/uploads\/2024\/11\/z6030990653737_efa791eada47150f3d947580233dfb54-939x1536.jpg 939w, https:\/\/ahreco.vn\/wp-content\/uploads\/2024\/11\/z6030990653737_efa791eada47150f3d947580233dfb54-7x12.jpg 7w, https:\/\/ahreco.vn\/wp-content\/uploads\/2024\/11\/z6030990653737_efa791eada47150f3d947580233dfb54.jpg 1114w\" sizes=\"auto, (max-width: 626px) 100vw, 626px\" \/><\/figure>\n<\/div>\n<\/div>\n<\/div><\/div>\n\n\n\n<div style=\"height:38px\" aria-hidden=\"true\" class=\"wp-block-spacer\"><\/div>\n\n\n\n<h3 class=\"has-text-align-center is-style-vk-heading-double_black wp-block-heading\"><strong>K\u1ef9 n\u0103ng \u0111\u1eb7c \u0111\u1ecbnh<\/strong><\/h3>\n\n\n\n<div class=\"wp-block-cover aligncenter is-light\"><span aria-hidden=\"true\" class=\"wp-block-cover__background has-white-background-color has-background-dim-80 has-background-dim\"><\/span><img loading=\"lazy\" decoding=\"async\" width=\"640\" height=\"427\" class=\"wp-block-cover__image-background wp-image-295\" alt=\"\" src=\"https:\/\/ahreco.vn\/wp-content\/uploads\/2022\/03\/2872904_s.jpg\" style=\"object-position:35% 22%\" data-object-fit=\"cover\" data-object-position=\"35% 22%\" srcset=\"https:\/\/ahreco.vn\/wp-content\/uploads\/2022\/03\/2872904_s.jpg 640w, https:\/\/ahreco.vn\/wp-content\/uploads\/2022\/03\/2872904_s-300x200.jpg 300w\" sizes=\"auto, (max-width: 640px) 100vw, 640px\" \/><div class=\"wp-block-cover__inner-container is-layout-flow wp-block-cover-is-layout-flow\">\n<p class=\"has-small-font-size\"><strong>K\u1ef9 n\u0103ng \u0111\u1eb7c \u0111\u1ecbnh l\u00e0 t\u01b0 c\u00e1ch l\u01b0u tr\u00fa m\u1edbi t\u1ea1i Nh\u1eadt B\u1ea3n, \u0111\u01b0\u1ee3c t\u1ea1o ra \u0111\u1ec3 khuy\u1ebfn kh\u00edch ng\u01b0\u1eddi n\u01b0\u1edbc ngo\u00e0i ho\u1ea1t \u0111\u1ed9ng t\u00edch c\u1ef1c h\u01a1n t\u1ea1i Nh\u1eadt. C\u00e1c k\u1ef9 n\u0103ng \u0111\u1eb7c \u0111\u1ecbnh g\u1ed3m c\u00f3 t\u01b0 c\u00e1ch l\u01b0u tr\u00fa \u201cs\u1ed1 1\u201d v\u00e0 t\u01b0 c\u00e1ch l\u01b0u tr\u00fa \u201cs\u1ed1 2\u201d, trong \u0111\u00f3 t\u01b0 c\u00e1ch l\u01b0u tr\u00fa s\u1ed1 2 y\u00eau c\u1ea7u c\u00e1c k\u1ef9 n\u0103ng chuy\u00ean m\u00f4n h\u01a1n t\u01b0 c\u00e1ch l\u01b0u tr\u00fa s\u1ed1 1.<\/strong><\/p>\n\n\n\n<p class=\"has-small-font-size\"><strong>C\u00e1c ng\u00e0nh ngh\u1ec1 k\u1ef9 n\u0103ng \u0111\u1eb7c \u0111\u1ecbnh (14 ng\u00e0nh ngh\u1ec1)<br>\u2460 \u0110i\u1ec1u d\u01b0\u1ee1ng \u2461 V\u1ec7 sinh to\u00e0 nh\u00e0 \u2462 Gia c\u00f4ng nguy\u00ean li\u1ec7u \u2463 Gia c\u00f4ng c\u01a1 kh\u00ed \u2464 C\u01a1 \u0111i\u1ec7n - \u0111i\u1ec7n t\u1eed \u2465 X\u00e2y d\u1ef1ng \u2466 \u0110\u00f3ng t\u00e0u \u2467 S\u1eeda ch\u1eefa \u00f4 t\u00f4 \u2468 Nghi\u1ec7p v\u1ee5 s\u00e2n bay \u2469 Kh\u00e1ch s\u1ea1n \u246a N\u00f4ng nghi\u1ec7p \u246b Ng\u01b0 nghi\u1ec7p \u246c Ch\u1ebf bi\u1ebfn th\u1ef1c ph\u1ea9m \u246d Nh\u00e0 h\u00e0ng<\/strong><\/p>\n\n\n\n<p class=\"has-small-font-size\"><span data-color=\"#fffd6b\" style=\"background: linear-gradient(transparent 60%,rgba(255, 253, 107, 0.7) 0);\" class=\"vk_highlighter\"><strong><em>\u203b<\/em>K\u1ef9 n\u0103ng \u0111\u1eb7c \u0111\u1ecbnh c\u00f3 th\u1ec3 \u0111\u01b0\u1ee3c ti\u1ebfp nh\u1eadn v\u1edbi 14 ng\u00e0nh ngh\u1ec1 tr\u00ean. V\u1edbi c\u00e1c ng\u00e0nh ngh\u1ec1 d\u01b0\u1edbi \u0111\u00e2y (x\u00e2y d\u1ef1ng, \u0111\u00f3ng thuy\u1ec1n,  h\u00e0ng h\u1ea3i) c\u00f3 th\u1ec3 \u0111\u01b0\u1ee3c ti\u1ebfp nh\u1eadn k\u1ef9 n\u0103ng \u0111\u1eb7c \u0111\u1ecbnh s\u1ed1 2<\/strong><\/span><\/p>\n\n\n\n<h2 class=\"has-text-align-center is-style-vk-heading-both_ends has-regular-font-size wp-block-heading\"><span class=\"vk-heading__text-wrapper\">\u0110\u01a1n H\u00e0ng ( K\u1ef9 n\u0103ng \u0111\u1eb7c \u0111\u1ecbnh )<\/span><\/h2>\n<\/div><\/div>\n\n\n\n<div style=\"height:38px\" aria-hidden=\"true\" class=\"wp-block-spacer\"><\/div>\n\n\n\n<h3 class=\"has-text-align-center is-style-vk-heading-double_black wp-block-heading\"><strong>NH\u00c2N L\u1ef0C K\u1ef8 THU\u1eacT CAO ( K\u1ef8 S\u01af)<\/strong><\/h3>\n\n\n\n<div class=\"wp-block-cover aligncenter is-light\"><span aria-hidden=\"true\" class=\"wp-block-cover__background has-white-background-color has-background-dim-80 has-background-dim\"><\/span><img loading=\"lazy\" decoding=\"async\" width=\"640\" height=\"427\" class=\"wp-block-cover__image-background wp-image-297\" alt=\"\" src=\"https:\/\/ahreco.vn\/wp-content\/uploads\/2022\/03\/1832871_s-1.jpg\" data-object-fit=\"cover\" srcset=\"https:\/\/ahreco.vn\/wp-content\/uploads\/2022\/03\/1832871_s-1.jpg 640w, https:\/\/ahreco.vn\/wp-content\/uploads\/2022\/03\/1832871_s-1-300x200.jpg 300w\" sizes=\"auto, (max-width: 640px) 100vw, 640px\" \/><div class=\"wp-block-cover__inner-container is-layout-flow wp-block-cover-is-layout-flow\">\n<p class=\"has-text-align-left has-small-font-size\"><strong>Ch\u00fang t\u00f4i tuy\u1ec3n d\u1ee5ng v\u00e0 l\u1ef1a ch\u1ecdn c\u00e1c k\u1ef9 s\u01b0 t\u1ed1t nghi\u1ec7p \u0111\u1ea1i h\u1ecdc ho\u1eb7c t\u1ed1t nghi\u1ec7p cao \u0111\u1eb3ng \u0111ang ho\u1ea1t \u0111\u1ed9ng trong l\u0129nh v\u1ef1c s\u1ea3n xu\u1ea5t nh\u01b0 v\u1eadn h\u00e0nh m\u00e1y m\u00f3c, thi\u1ebft k\u1ebf. Nhi\u1ec1u ng\u01b0\u1eddi th\u01b0\u1eddng cho n\u00f3i r\u1eb1ng \u0111\u01a1n nguy\u1ec7n v\u1ecdng c\u1ee7a k\u1ef9 s\u01b0 l\u00e0  tr\u00ecnh \u0111\u1ed9 ti\u1ebfng Nh\u1eadt th\u1ea5p, nh\u01b0ng k\u1ef9 s\u1ebd s\u1ebd h\u1ecdc ti\u1ebfng Nh\u1eadt t\u1ea1i trung t\u00e2m gi\u00e1o d\u1ee5c c\u1ee7a ch\u00fang t\u00f4i \u0111\u1ebfn khi \u0111\u1ea1t \u0111\u01b0\u1ee3c tr\u00ecnh \u0111\u1ed9 m\u00e0 c\u00f4ng ty y\u00eau c\u1ea7u.<\/strong><\/p>\n\n\n\n<h2 class=\"has-text-align-center is-style-vk-heading-both_ends has-regular-font-size wp-block-heading\"><span class=\"vk-heading__text-wrapper\">\u0110\u01a1n H\u00e0ng ( K\u1ef9 s\u01b0 )<\/span><\/h2>\n<\/div><\/div>\n<div class=\"veu_socialSet veu_socialSet-position-after veu_contentAddSection\"><script>window.twttr=(function(d,s,id){var js,fjs=d.getElementsByTagName(s)[0],t=window.twttr||{};if(d.getElementById(id))return t;js=d.createElement(s);js.id=id;js.src=\"https:\/\/platform.twitter.com\/widgets.js\";fjs.parentNode.insertBefore(js,fjs);t._e=[];t.ready=function(f){t._e.push(f);};return t;}(document,\"script\",\"twitter-wjs\"));<\/script><ul><li class=\"sb_facebook sb_icon\"><a class=\"sb_icon_inner\" href=\"\/\/www.facebook.com\/sharer.php?src=bm&u=https%3A%2F%2Fahreco.vn%2Fvi%2Fjob%2F&amp;t=%E3%82%A2%E3%82%B8%E3%82%A2%E4%BA%BA%E6%9D%90%E8%82%B2%E6%88%90%E6%9C%89%E9%99%90%E4%BC%9A%E7%A4%BE%EF%BC%88AHRE.CO%EF%BC%89\" target=\"_blank\" onclick=\"window.open(this.href,'FBwindow','width=650,height=450,menubar=no,toolbar=no,scrollbars=yes');return false;\"><span class=\"vk_icon_w_r_sns_fb icon_sns\"><\/span><span class=\"sns_txt\">Facebook<\/span><span class=\"veu_count_sns_fb\"><\/span><\/a><\/li><li class=\"sb_twitter sb_icon\"><a class=\"sb_icon_inner\" href=\"\/\/twitter.com\/intent\/tweet?url=https%3A%2F%2Fahreco.vn%2Fvi%2Fjob%2F&amp;text=%E3%82%A2%E3%82%B8%E3%82%A2%E4%BA%BA%E6%9D%90%E8%82%B2%E6%88%90%E6%9C%89%E9%99%90%E4%BC%9A%E7%A4%BE%EF%BC%88AHRE.CO%EF%BC%89\" target=\"_blank\" ><span class=\"vk_icon_w_r_sns_twitter icon_sns\"><\/span><span class=\"sns_txt\">twitter<\/span><\/a><\/li><li class=\"sb_copy sb_icon\"><button class=\"copy-button sb_icon_inner\"data-clipboard-text=\"\u30a2\u30b8\u30a2\u4eba\u6750\u80b2\u6210\u6709\u9650\u4f1a\u793e\uff08AHRE.CO\uff09 https:\/\/ahreco.vn\/vi\/job\/\"><span class=\"vk_icon_w_r_sns_copy icon_sns\"><i class=\"fas fa-copy\"><\/i><\/span><span class=\"sns_txt\">Copy<\/span><\/button><\/li><\/ul><\/div><!-- [ \/.socialSet ] -->","protected":false},"excerpt":{"rendered":"<p>\u6280\u80fd\u5b9f\u7fd2\u751f \u7279\u5b9a\u6280\u80fd \u9ad8\u5ea6\u4eba\u6750\uff08\u30a8\u30f3\u30b8\u30cb\u30a2\uff09<\/p>","protected":false},"author":1,"featured_media":0,"parent":0,"menu_order":5,"comment_status":"closed","ping_status":"closed","template":"","meta":{"vkexunit_cta_each_option":"","footnotes":""},"class_list":["post-25","page","type-page","status-publish","hentry"],"aioseo_notices":[],"_links":{"self":[{"href":"https:\/\/ahreco.vn\/vi\/wp-json\/wp\/v2\/pages\/25","targetHints":{"allow":["GET"]}}],"collection":[{"href":"https:\/\/ahreco.vn\/vi\/wp-json\/wp\/v2\/pages"}],"about":[{"href":"https:\/\/ahreco.vn\/vi\/wp-json\/wp\/v2\/types\/page"}],"author":[{"embeddable":true,"href":"https:\/\/ahreco.vn\/vi\/wp-json\/wp\/v2\/users\/1"}],"replies":[{"embeddable":true,"href":"https:\/\/ahreco.vn\/vi\/wp-json\/wp\/v2\/comments?post=25"}],"version-history":[{"count":49,"href":"https:\/\/ahreco.vn\/vi\/wp-json\/wp\/v2\/pages\/25\/revisions"}],"predecessor-version":[{"id":950,"href":"https:\/\/ahreco.vn\/vi\/wp-json\/wp\/v2\/pages\/25\/revisions\/950"}],"wp:attachment":[{"href":"https:\/\/ahreco.vn\/vi\/wp-json\/wp\/v2\/media?parent=25"}],"curies":[{"name":"wp","href":"https:\/\/api.w.org\/{rel}","templated":true}]}}