{"id":272,"date":"2022-03-26T22:45:04","date_gmt":"2022-03-26T13:45:04","guid":{"rendered":"https:\/\/ahreco.vn\/?page_id=272"},"modified":"2022-03-29T18:09:39","modified_gmt":"2022-03-29T09:09:39","slug":"access","status":"publish","type":"page","link":"https:\/\/ahreco.vn\/vi\/access\/","title":{"rendered":"CH\u1ec8 \u0110\u01af\u1edcNG"},"content":{"rendered":"<h3 class=\"alignwide has-text-align-center wp-block-heading\"><strong>T\u1ed4NG C\u00d4NG TY (TRUNG T\u00c2M \u0110\u00c0O T\u1ea0O)<\/strong><\/h3>\n\n\n\n<div class=\"wp-block-group alignwide is-style-vk-group-double\"><div class=\"wp-block-group__inner-container is-layout-flow wp-block-group-is-layout-flow\">\n<div class=\"wp-block-columns alignwide is-layout-flex wp-container-core-columns-is-layout-9d6595d7 wp-block-columns-is-layout-flex\">\n<div class=\"wp-block-column is-layout-flow wp-block-column-is-layout-flow\">\n<iframe src=\"https:\/\/www.google.com\/maps\/embed?pb=!1m18!1m12!1m3!1d14902.093760149168!2d105.5445537877875!3d20.971644813919262!2m3!1f0!2f0!3f0!3m2!1i1024!2i768!4f13.1!3m3!1m2!1s0x31345ae155555555%3A0xb2e4126c1500071d!2z44Ki44K444Ki5Lq65p2Q6IKy5oiQ5pyJ6ZmQ5Lya56S-!5e0!3m2!1sja!2s!4v1648302708414!5m2!1sja!2s\" width=\"600\" height=\"450\" style=\"border:0;\" allowfullscreen=\"\" loading=\"lazy\" referrerpolicy=\"no-referrer-when-downgrade\"><\/iframe>\n<\/div>\n<\/div>\n<\/div><\/div>\n\n\n\n<h3 class=\"alignwide has-text-align-center wp-block-heading\"><strong>\u0110\u1ecaA CH\u1ec8 V\u0102N PH\u00d2NG (T\u1ea0I H\u00c0 N\u1ed8I)<\/strong><\/h3>\n\n\n\n<div class=\"wp-block-group alignwide is-style-vk-group-double\"><div class=\"wp-block-group__inner-container is-layout-flow wp-block-group-is-layout-flow\">\n<div class=\"wp-block-columns alignwide is-layout-flex wp-container-core-columns-is-layout-9d6595d7 wp-block-columns-is-layout-flex\">\n<div class=\"wp-block-column is-layout-flow wp-block-column-is-layout-flow\">\n<iframe src=\"https:\/\/www.google.com\/maps\/embed?pb=!1m18!1m12!1m3!1d14899.067771750551!2d105.78396468779377!3d21.001977309588725!2m3!1f0!2f0!3f0!3m2!1i1024!2i768!4f13.1!3m3!1m2!1s0x3135ad33a4e471ef%3A0x9707deebbc626551!2z44Ki44K444Ki5Lq65p2Q6IKy5oiQ5pyJ6ZmQ5Lya56S-!5e0!3m2!1sja!2s!4v1648302611746!5m2!1sja!2s\" width=\"600\" height=\"450\" style=\"border:0;\" allowfullscreen=\"\" loading=\"lazy\" referrerpolicy=\"no-referrer-when-downgrade\"><\/iframe>\n<\/div>\n<\/div>\n<\/div><\/div>\n\n\n<section class=\"veu_contact veu_contentAddSection vk_contact veu_card veu_contact_section_block veu_contact-layout-horizontal\"><div class=\"contact_frame veu_card_inner\"><p class=\"contact_txt\"><span class=\"contact_txt_catch\">Please feel free to inquire.<\/span><span class=\"contact_txt_tel veu_color_txt_key\"><i class=\"contact_txt_tel_icon fas fa-phone-square [ lcon list ]\"><\/i>0246-292-8107<\/span><span class=\"contact_txt_time\">Th\u1eddi gian l\u00e0m vi\u1ec7c 8:00-17:30 (Tr\u1eeb ng\u00e0y l\u1ec5, Th\u1ee9 B\u1ea3y, Ch\u1ee7 nh\u1eadt)<\/span><\/p><a href=\"https:\/\/ahreco.vn\/vi\/inquiry\/\" class=\"btn btn-primary btn-lg contact_bt\"><span class=\"contact_bt_txt\"><i class=\"far fa-envelope\"><\/i> Contact us <i class=\"far fa-arrow-alt-circle-right\"><\/i><\/span><\/a><\/div><\/section><div class=\"veu_socialSet veu_socialSet-position-after veu_contentAddSection\"><script>window.twttr=(function(d,s,id){var js,fjs=d.getElementsByTagName(s)[0],t=window.twttr||{};if(d.getElementById(id))return t;js=d.createElement(s);js.id=id;js.src=\"https:\/\/platform.twitter.com\/widgets.js\";fjs.parentNode.insertBefore(js,fjs);t._e=[];t.ready=function(f){t._e.push(f);};return t;}(document,\"script\",\"twitter-wjs\"));<\/script><ul><li class=\"sb_facebook sb_icon\"><a class=\"sb_icon_inner\" href=\"\/\/www.facebook.com\/sharer.php?src=bm&u=https%3A%2F%2Fahreco.vn%2Fvi%2Faccess%2F&amp;t=%E3%82%A2%E3%82%B8%E3%82%A2%E4%BA%BA%E6%9D%90%E8%82%B2%E6%88%90%E6%9C%89%E9%99%90%E4%BC%9A%E7%A4%BE%EF%BC%88AHRE.CO%EF%BC%89\" target=\"_blank\" onclick=\"window.open(this.href,'FBwindow','width=650,height=450,menubar=no,toolbar=no,scrollbars=yes');return false;\"><span class=\"vk_icon_w_r_sns_fb icon_sns\"><\/span><span class=\"sns_txt\">Facebook<\/span><span class=\"veu_count_sns_fb\"><\/span><\/a><\/li><li class=\"sb_twitter sb_icon\"><a class=\"sb_icon_inner\" href=\"\/\/twitter.com\/intent\/tweet?url=https%3A%2F%2Fahreco.vn%2Fvi%2Faccess%2F&amp;text=%E3%82%A2%E3%82%B8%E3%82%A2%E4%BA%BA%E6%9D%90%E8%82%B2%E6%88%90%E6%9C%89%E9%99%90%E4%BC%9A%E7%A4%BE%EF%BC%88AHRE.CO%EF%BC%89\" target=\"_blank\" ><span class=\"vk_icon_w_r_sns_twitter icon_sns\"><\/span><span class=\"sns_txt\">twitter<\/span><\/a><\/li><li class=\"sb_copy sb_icon\"><button class=\"copy-button sb_icon_inner\"data-clipboard-text=\"\u30a2\u30b8\u30a2\u4eba\u6750\u80b2\u6210\u6709\u9650\u4f1a\u793e\uff08AHRE.CO\uff09 https:\/\/ahreco.vn\/vi\/access\/\"><span class=\"vk_icon_w_r_sns_copy icon_sns\"><i class=\"fas fa-copy\"><\/i><\/span><span class=\"sns_txt\">Copy<\/span><\/button><\/li><\/ul><\/div><!-- [ \/.socialSet ] -->","protected":false},"excerpt":{"rendered":"<p>\u672c\u793e\uff08\u6559\u80b2\u30bb\u30f3\u30bf\u30fc\uff09 \u4e8b\u52d9\u6240\uff08\u30cf\u30ce\u30a4\u5e02\uff09<\/p>","protected":false},"author":1,"featured_media":0,"parent":0,"menu_order":19,"comment_status":"closed","ping_status":"closed","template":"","meta":{"vkexunit_cta_each_option":"","footnotes":""},"class_list":["post-272","page","type-page","status-publish","hentry"],"aioseo_notices":[],"_links":{"self":[{"href":"https:\/\/ahreco.vn\/vi\/wp-json\/wp\/v2\/pages\/272","targetHints":{"allow":["GET"]}}],"collection":[{"href":"https:\/\/ahreco.vn\/vi\/wp-json\/wp\/v2\/pages"}],"about":[{"href":"https:\/\/ahreco.vn\/vi\/wp-json\/wp\/v2\/types\/page"}],"author":[{"embeddable":true,"href":"https:\/\/ahreco.vn\/vi\/wp-json\/wp\/v2\/users\/1"}],"replies":[{"embeddable":true,"href":"https:\/\/ahreco.vn\/vi\/wp-json\/wp\/v2\/comments?post=272"}],"version-history":[{"count":11,"href":"https:\/\/ahreco.vn\/vi\/wp-json\/wp\/v2\/pages\/272\/revisions"}],"predecessor-version":[{"id":633,"href":"https:\/\/ahreco.vn\/vi\/wp-json\/wp\/v2\/pages\/272\/revisions\/633"}],"wp:attachment":[{"href":"https:\/\/ahreco.vn\/vi\/wp-json\/wp\/v2\/media?parent=272"}],"curies":[{"name":"wp","href":"https:\/\/api.w.org\/{rel}","templated":true}]}}