{"id":316,"date":"2022-03-26T23:53:32","date_gmt":"2022-03-26T14:53:32","guid":{"rendered":"https:\/\/ahreco.vn\/?page_id=316"},"modified":"2022-03-28T15:55:29","modified_gmt":"2022-03-28T06:55:29","slug":"process-to-enter-japan","status":"publish","type":"page","link":"https:\/\/ahreco.vn\/vi\/process-to-enter-japan\/","title":{"rendered":"QU\u00c1 TR\u00ccNH CHO T\u1edaI KHI NH\u1eacP C\u1ea2NH V\u00c0O NH\u1eacT"},"content":{"rendered":"<h3 class=\"has-text-align-center is-style-vk-heading-double_black wp-block-heading\"><strong>4 STEP tr\u01b0\u1edbc khi nh\u1eadp c\u1ea3nh v\u00e0o Nh\u1eadt<\/strong><\/h3>\n\n\n\n<p>STEP 1: \u0110\u1ea7u ti\u00ean ch\u1ecdn \u0111\u01a1n h\u00e0ng m\u00e0 b\u1ea1n mu\u1ed1n tham gia, sau \u0111\u00f3 ch\u00fang t\u00f4i s\u1ebd g\u1eedi l\u00fd l\u1ecbch c\u1ee7a b\u1ea1n cho c\u00f4ng ty m\u00e0 b\u1ea1n ch\u1ecdn<\/p>\n\n\n\n<p>STEP 2: Ki\u1ec3m tra th\u1ec3 l\u1ef1c v\u00e0 ph\u1ecfng v\u1ea5n t\u1ea1i c\u00f4ng ty ho\u1eb7c online. Tr\u01b0\u1edbc bu\u1ed5i ph\u1ecfng v\u1ea5n th\u00ec ch\u00fang t\u00f4i s\u1ebd \u0111\u00e0o t\u1ea1o gi\u1edbi thi\u1ec7u b\u1ea3n th\u00e2n \u0111\u01a1n gi\u1ea3n b\u1eb1ng ti\u1ebfng Nh\u1eadt<\/p>\n\n\n\n<p>STEP 3: Sau khi tr\u00fang tuy\u1ec3n s\u1ebd h\u1ecdc t\u1ea1i trung t\u00e2m \u0111\u00e0o t\u1ea1o. Trong th\u1eddi gian n\u00e0y ch\u00fang t\u00f4i s\u1ebd l\u00e0m h\u1ed3 s\u01a1 c\u1ea7n thi\u1ebft \u0111\u1ec3 b\u1ea1n c\u00f3 th\u1ec3 nh\u1eadp c\u1ea3nh.<\/p>\n\n\n\n<p>STEP 4:  Sau khi h\u1ecdc xong kho\u00e1 ti\u1ebfng Nh\u1eadt s\u01a1 c\u1ea5p th\u00ec c\u00f3 th\u1ec3 v\u1ec1 qu\u00ea v\u00e0 tr\u1edf l\u1ea1i trung t\u00e2m \u0111\u00e0o t\u1ea1o tr\u01b0\u1edbc khi xu\u1ea5t c\u1ea3nh 1 tu\u1ea7n<\/p>\n\n\n\n<h3 class=\"has-text-align-center is-style-vk-heading-double_black wp-block-heading\"><strong>3 STEP sau khi nh\u1eadp c\u1ea3nh v\u00e0o Nh\u1eadt<\/strong><\/h3>\n\n\n\n<p>STEP 1: Sau khi t\u1edbi Nh\u1eadt c\u00e1c b\u1ea1n \u1edf t\u1ea1i k\u00fd t\u00fac x\u00e1 c\u1ee7a nghi\u1ec7p \u0111o\u00e0n \u0111\u1ec3 \u0111\u01b0\u1ee3c \u0111\u00e0o t\u1ea1o \u0111\u1ecbnh h\u01b0\u1edbng trong 1 th\u00e1ng<\/p>\n\n\n\n<p>STEP 2: Sau \u0111\u00f3 s\u1ebd v\u1ec1 c\u00f4ng ty m\u00e0 b\u1ea1n \u0111\u00e3 tr\u00fang tuy\u1ec3n v\u00e0 l\u00e0m vi\u1ec7c trong v\u00f2ng 3~5 n\u0103m<\/p>\n\n\n\n<p>STEP 3: Sau khi v\u1ec1 n\u01b0\u1edbc n\u1ebfu c\u00f3 nguy\u1ec7n v\u1ecdng th\u00ec c\u00f3 th\u1ec3 quay l\u1ea1i Nh\u1eadt b\u1eb1ng visa k\u1ef9 n\u0103ng \u0111\u1eb7c \u0111\u1ecbnh<\/p>\n\n\n\n<h3 class=\"has-text-align-center is-style-vk-heading-double_black wp-block-heading\"><strong>12 STEP gi\u1ea3i th\u00edch !! C\u00e2u chuy\u1ec7n \u0111i Nh\u1eadt \u0111\u1ec3 thay \u0111\u1ed5i cu\u1ed9c \u0111\u1eddi c\u1ee7a m\u1ed9t b\u1ea1n nam<\/strong><\/h3>\n\n\n\n<div class=\"wp-block-columns is-layout-flex wp-container-core-columns-is-layout-9d6595d7 wp-block-columns-is-layout-flex\">\n<div class=\"wp-block-column is-layout-flow wp-block-column-is-layout-flow\">\n<figure class=\"wp-block-embed is-type-video is-provider-youtube wp-block-embed-youtube wp-embed-aspect-16-9 wp-has-aspect-ratio\"><div class=\"wp-block-embed__wrapper\">\n<iframe loading=\"lazy\" title=\"C\u00e2u chuy\u1ec7n th\u00e0nh c\u00f4ng c\u1ee7a b\u1ea1n Vi\u1ec7t (\u30d9\u30c8\u541b\u306e\u6210\u529f\u7269\u8a9e)_\u30a2\u30b8\u30a2\u4eba\u6750\u80b2\u6210\u6709\u9650\u4f1a\u793e\" width=\"1140\" height=\"641\" src=\"https:\/\/www.youtube.com\/embed\/-YmQCZ54ZAk?feature=oembed\" frameborder=\"0\" allow=\"accelerometer; autoplay; clipboard-write; encrypted-media; gyroscope; picture-in-picture\" allowfullscreen><\/iframe>\n<\/div><\/figure>\n<\/div>\n<\/div>\n<div class=\"veu_socialSet veu_socialSet-position-after veu_contentAddSection\"><script>window.twttr=(function(d,s,id){var js,fjs=d.getElementsByTagName(s)[0],t=window.twttr||{};if(d.getElementById(id))return t;js=d.createElement(s);js.id=id;js.src=\"https:\/\/platform.twitter.com\/widgets.js\";fjs.parentNode.insertBefore(js,fjs);t._e=[];t.ready=function(f){t._e.push(f);};return t;}(document,\"script\",\"twitter-wjs\"));<\/script><ul><li class=\"sb_facebook sb_icon\"><a class=\"sb_icon_inner\" href=\"\/\/www.facebook.com\/sharer.php?src=bm&u=https%3A%2F%2Fahreco.vn%2Fvi%2Fprocess-to-enter-japan%2F&amp;t=%E3%82%A2%E3%82%B8%E3%82%A2%E4%BA%BA%E6%9D%90%E8%82%B2%E6%88%90%E6%9C%89%E9%99%90%E4%BC%9A%E7%A4%BE%EF%BC%88AHRE.CO%EF%BC%89\" target=\"_blank\" onclick=\"window.open(this.href,'FBwindow','width=650,height=450,menubar=no,toolbar=no,scrollbars=yes');return false;\"><span class=\"vk_icon_w_r_sns_fb icon_sns\"><\/span><span class=\"sns_txt\">Facebook<\/span><span class=\"veu_count_sns_fb\"><\/span><\/a><\/li><li class=\"sb_twitter sb_icon\"><a class=\"sb_icon_inner\" href=\"\/\/twitter.com\/intent\/tweet?url=https%3A%2F%2Fahreco.vn%2Fvi%2Fprocess-to-enter-japan%2F&amp;text=%E3%82%A2%E3%82%B8%E3%82%A2%E4%BA%BA%E6%9D%90%E8%82%B2%E6%88%90%E6%9C%89%E9%99%90%E4%BC%9A%E7%A4%BE%EF%BC%88AHRE.CO%EF%BC%89\" target=\"_blank\" ><span class=\"vk_icon_w_r_sns_twitter icon_sns\"><\/span><span class=\"sns_txt\">twitter<\/span><\/a><\/li><li class=\"sb_copy sb_icon\"><button class=\"copy-button sb_icon_inner\"data-clipboard-text=\"\u30a2\u30b8\u30a2\u4eba\u6750\u80b2\u6210\u6709\u9650\u4f1a\u793e\uff08AHRE.CO\uff09 https:\/\/ahreco.vn\/vi\/process-to-enter-japan\/\"><span class=\"vk_icon_w_r_sns_copy icon_sns\"><i class=\"fas fa-copy\"><\/i><\/span><span class=\"sns_txt\">Copy<\/span><\/button><\/li><\/ul><\/div><!-- [ \/.socialSet ] -->","protected":false},"excerpt":{"rendered":"<p>\u65e5\u672c\u5165\u56fd\u524d\u306e4\u3064\u306eSTEP \u25cfSTEP1\uff1a\u307e\u305a\u306f\u53c2\u52a0\u3057\u305f\u3044\u6c42\u4eba\u306b\u5fdc\u52df\u3057\u3066\u304f\u3060\u3055\u3044\u3002\u3042\u306a\u305f\u306e\u5c65\u6b74\u66f8\u3092\u5e0c\u671b\u306e\u4f1a\u793e\u306b [&hellip;]<\/p>","protected":false},"author":1,"featured_media":0,"parent":0,"menu_order":18,"comment_status":"closed","ping_status":"closed","template":"","meta":{"vkexunit_cta_each_option":"","footnotes":""},"class_list":["post-316","page","type-page","status-publish","hentry"],"aioseo_notices":[],"_links":{"self":[{"href":"https:\/\/ahreco.vn\/vi\/wp-json\/wp\/v2\/pages\/316","targetHints":{"allow":["GET"]}}],"collection":[{"href":"https:\/\/ahreco.vn\/vi\/wp-json\/wp\/v2\/pages"}],"about":[{"href":"https:\/\/ahreco.vn\/vi\/wp-json\/wp\/v2\/types\/page"}],"author":[{"embeddable":true,"href":"https:\/\/ahreco.vn\/vi\/wp-json\/wp\/v2\/users\/1"}],"replies":[{"embeddable":true,"href":"https:\/\/ahreco.vn\/vi\/wp-json\/wp\/v2\/comments?post=316"}],"version-history":[{"count":5,"href":"https:\/\/ahreco.vn\/vi\/wp-json\/wp\/v2\/pages\/316\/revisions"}],"predecessor-version":[{"id":517,"href":"https:\/\/ahreco.vn\/vi\/wp-json\/wp\/v2\/pages\/316\/revisions\/517"}],"wp:attachment":[{"href":"https:\/\/ahreco.vn\/vi\/wp-json\/wp\/v2\/media?parent=316"}],"curies":[{"name":"wp","href":"https:\/\/api.w.org\/{rel}","templated":true}]}}