{"id":582,"date":"2022-03-29T13:44:10","date_gmt":"2022-03-29T04:44:10","guid":{"rendered":"https:\/\/ahreco.vn\/?page_id=582"},"modified":"2022-04-21T18:27:27","modified_gmt":"2022-04-21T09:27:27","slug":"about-vietnam","status":"publish","type":"page","link":"https:\/\/ahreco.vn\/vi\/about-vietnam\/","title":{"rendered":"VI\u1ec6T NAM L\u00c0 \u0110\u1ea4T N\u01af\u1edaC NH\u01af TH\u1ebe N\u00c0O"},"content":{"rendered":"<p><span data-color=\"#fffd6b\" style=\"background: linear-gradient(transparent 60%,rgba(255, 253, 107, 0.7) 0);\" class=\"vk_highlighter\">Ch\u00fang t\u00f4i xin gi\u1edbi thi\u1ec7u \u0111\u01a1n gi\u1ea3n v\u1ec1 Vi\u1ec7t Nam v\u00e0 th\u1ee7 \u0111\u00f4 c\u1ee7a Vi\u1ec7t Nam<br>Nh\u1eefng n\u00e9t t\u01b0\u01a1ng \u0111\u1ed3ng v\u1ec1 \u1ea9m th\u1ef1c, s\u1ef1 ch\u0103m ch\u1ec9 c\u1ea7n c\u00f9, d\u1ec5 g\u1ea7n c\u1ee7a ng\u01b0\u1eddi Vi\u1ec7t Nam khi\u1ebfn Vi\u1ec7t Nam tr\u1edf th\u00e0nh \u0111\u1ea5t n\u01b0\u1edbc c\u00f3 n\u1ec1n v\u0103n ho\u00e1 g\u1ea7n g\u0169i v\u1edbi Nh\u1eadt B\u1ea3n nh\u1ea5t trong c\u00e1c n\u01b0\u1edbc \u0110\u00f4ng Nam \u00c1<\/span><br><span data-color=\"#fffd6b\" style=\"background: linear-gradient(transparent 60%,rgba(255, 253, 107, 0.7) 0);\" class=\"vk_highlighter\">Ch\u00fang t\u00f4i s\u1ebd r\u1ea5t vui n\u1ebfu nh\u1eefng ng\u01b0\u1eddi b\u1ea1n \u0111\u1ebfn t\u1eeb Nh\u1eadt B\u1ea3n c\u0169ng y\u00eau th\u00edch Vi\u1ec7t Nam<\/span><\/p>\n\n\n\n<h3 class=\"has-text-align-center is-style-vk-heading-background_fill_lightgray wp-block-heading\"><strong>TH\u00d4NG TIN C\u01a0 B\u1ea2N V\u1ec0 VI\u1ec6T NAM<\/strong><\/h3>\n\n\n\n<div class=\"wp-block-columns is-layout-flex wp-container-core-columns-is-layout-9d6595d7 wp-block-columns-is-layout-flex\">\n<div class=\"wp-block-column is-layout-flow wp-block-column-is-layout-flow\">\n<figure class=\"wp-block-embed is-type-video is-provider-youtube wp-block-embed-youtube wp-embed-aspect-16-9 wp-has-aspect-ratio\"><div class=\"wp-block-embed__wrapper\">\n<iframe loading=\"lazy\" title=\"5\u5206\u3067\u308f\u304b\u308b\u30d9\u30c8\u30ca\u30e0\u57fa\u790e\u77e5\u8b58\u3010\u521d\u7d1a\u7de8\u3011\" width=\"1140\" height=\"641\" src=\"https:\/\/www.youtube.com\/embed\/JQxy3jjeubI?feature=oembed\" frameborder=\"0\" allow=\"accelerometer; autoplay; clipboard-write; encrypted-media; gyroscope; picture-in-picture\" allowfullscreen><\/iframe>\n<\/div><figcaption>5p \u0111\u1ec3 hi\u1ec3u v\u1ec1 Vi\u1ec7t Nam<\/figcaption><\/figure>\n<\/div>\n\n\n\n<div class=\"wp-block-column is-layout-flow wp-block-column-is-layout-flow\">\n<p><strong>T\u00ean n\u01b0\u1edbc: C\u1ed9ng ho\u00e0 x\u00e3 h\u1ed9i ch\u1ee7 ngh\u0129a Vi\u1ec7t Nam<br>Th\u1ee7 \u0111\u00f4: H\u00e0 N\u1ed9i<br>Di\u1ec7n t\u00edch: 329241km2 (t\u01b0\u01a1ng \u0111\u01b0\u01a1ng v\u1edbi di\u1ec7n t\u00edch Nh\u1eadt B\u1ea3n kh\u00f4ng c\u00f3 \u0111\u1ea3o Kyushu)<br>D\u00e2n s\u1ed1: Kho\u1ea3ng 93,400,000 ng\u01b0\u1eddi (\u01af\u1edbc t\u00ednh c\u1ee7a Qu\u1ef9 D\u00e2n s\u1ed1 Li\u00ean h\u1ee3p qu\u1ed1c t\u00ednh \u0111\u1ebfn n\u0103m 2015)<br>Ng\u00f4n ng\u1eef: Ti\u1ebfng Vi\u1ec7t<br>T\u00f4n gi\u00e1o: \u0110\u1ea1o ph\u1eadt (80%), Thi\u00ean ch\u00faa gi\u00e1o (15%), Kh\u00e1c (5%)<br>\u0110\u01a1n v\u1ecb ti\u1ec1n t\u1ec7: \u0110\u1ed3ng (VND)<br>\u0110\u1ed9 tu\u1ed5i trung b\u00ecnh:31 tu\u1ed5i * Nh\u1eadt B\u1ea3n l\u00e0 49 tu\u1ed5i<br>Kh\u00ed h\u1eadu: B\u1eafc b\u1ed9 c\u00f3 kh\u00ed h\u1eadu c\u1eadn nhi\u1ec7t \u0111\u1edbi v\u1edbi 4 m\u00f9a trong n\u0103m. Nam b\u1ed9 c\u00f3 kh\u00ed h\u1eadu nhi\u1ec7t \u0111\u1edbi gi\u00f3 m\u00f9a v\u1edbi 2 m\u00f9a l\u00e0 m\u00f9a kh\u00f4 v\u00e0 m\u00f9a m\u01b0a<br>\u25cf\u30d9\u30c8\u30ca\u30e0\u4eba\u306e\u56fd\u6c11\u6027\uff08\uff14K\uff09\uff1a\u500b\u4eba\u4e3b\u7fa9\u30fb\u5668\u7528&nbsp;\u30fb\u52e4\u52c9 \u30fb\u304b\u304b\u3042\u5929\u4e0b<\/strong><\/p>\n<\/div>\n<\/div>\n\n\n\n<h3 class=\"has-text-align-center is-style-vk-heading-background_fill_lightgray wp-block-heading\"><strong>H\u00c0 N\u1ed8I - TH\u00c0NH PH\u1ed0 CH\u00cdNH TR\u1eca V\u00c0 V\u0102N HO\u00c1<\/strong><\/h3>\n\n\n\n<div class=\"wp-block-columns is-layout-flex wp-container-core-columns-is-layout-9d6595d7 wp-block-columns-is-layout-flex\">\n<div class=\"wp-block-column is-layout-flow wp-block-column-is-layout-flow\">\n<figure class=\"wp-block-embed is-type-video is-provider-youtube wp-block-embed-youtube wp-embed-aspect-16-9 wp-has-aspect-ratio\"><div class=\"wp-block-embed__wrapper\">\n<iframe loading=\"lazy\" title=\"6\u5206\u3067\u308f\u304b\u308b\u30d9\u30c8\u30ca\u30e0 \u30cf\u30ce\u30a4 \u57fa\u790e\u77e5\u8b58\u3010\u521d\u7d1a\u7de8\u3011\" width=\"1140\" height=\"641\" src=\"https:\/\/www.youtube.com\/embed\/v6nq9n_8vOM?feature=oembed\" frameborder=\"0\" allow=\"accelerometer; autoplay; clipboard-write; encrypted-media; gyroscope; picture-in-picture\" allowfullscreen><\/iframe>\n<\/div><figcaption>6\u5206\u3067\u308f\u304b\u308b\u3001\u30cf\u30ce\u30a4\u306e\u57fa\u790e\u77e5\u8b58<\/figcaption><\/figure>\n<\/div>\n\n\n\n<div class=\"wp-block-column is-layout-flow wp-block-column-is-layout-flow\">\n<p><strong>Thu\u1ed9c v\u00f9ng b\u1eafc b\u1ed9 c\u1ee7a Vi\u1ec7t Nam, l\u00e0 th\u1ee7 \u0111\u00f4 c\u00f3 b\u1ec1 d\u00e0y l\u1ecbch s\u1eed h\u01a1n 1000 n\u0103m. L\u00e0 trung t\u00e2m ch\u00ednh tr\u1ecb, n\u01a1i t\u1ee5 h\u1ed9i c\u1ee7a c\u00e1c c\u01a1 quan \u0111\u1ea7u n\u00e3o c\u1ee7a qu\u1ed1c gia nh\u01b0: qu\u1ed1c h\u1ed9i, v\u0103n ph\u00f2ng ch\u00ednh ph\u1ee7.v.v. Trong nh\u1eefng n\u0103m g\u1ea7n \u0111\u00e2y, s\u1ed1 l\u01b0\u1ee3ng c\u00e1c c\u00f4ng ty Nh\u1eadt B\u1ea3n v\u00e0 c\u00e1c c\u00f4ng ty li\u00ean k\u1ebft v\u1edbi n\u01b0\u1edbc ngo\u00e0i \u0111ang t\u0103ng l\u00ean d\u1eabn t\u1edbi s\u1ed1 l\u01b0\u1ee3ng c\u01b0 d\u00e2n n\u01b0\u1edbc ngo\u00e0i c\u0169ng t\u0103ng l\u00ean. C\u00f3 kho\u1ea3ng 10,000 ng\u01b0\u1eddi Nh\u1eadt B\u1ea3n s\u1ed1ng \u1edf \u0111\u00e2y. B\u00ean c\u1ea1nh s\u1ef1 ph\u00e1t tri\u1ec3n nhanh ch\u00f3ng th\u00ec H\u00e0 N\u1ed9i v\u1eabn l\u00e0 m\u1ed9t th\u00e0nh ph\u1ed1 c\u1ee7a v\u0103n h\u00f3a v\u00e0 truy\u1ec1n th\u1ed1ng, lu\u00f4n coi tr\u1ecdng nh\u1eefng c\u00f4ng tr\u00ecnh c\u1ed5 v\u00e0 c\u00f3 quy ch\u1ebf v\u1ec1 c\u1ea3nh quan nh\u01b0 h\u1ea1n ch\u1ebf x\u00e2y d\u1ef1ng c\u00e1c t\u00f2a nh\u00e0 cao t\u1ea7ng. B\u1ea1n s\u1ebd c\u1ea3m nh\u1eadn \u0111\u01b0\u1ee3c s\u1ef1 h\u1ea5p d\u1eabn v\u00e0 t\u1eadn h\u01b0\u1edfng phong c\u1ea3nh c\u1ed5 x\u01b0a c\u1ee7a Vi\u1ec7t Nam khi \u0111i b\u1ed9 d\u01b0\u1edbi nh\u1eefng con ph\u1ed1 v\u1edbi h\u00e0ng c\u00e2y xanh v\u00e0 h\u1ed3 n\u01b0\u1edbc m\u00e1t, \u0111\u1eafm ch\u00ecm trong khung c\u1ea3nh c\u1ed5 x\u01b0a c\u00f2n l\u01b0u l\u1ea1i trong khu ph\u1ed1 c\u1ed5.<\/strong><\/p>\n<\/div>\n<\/div>\n\n\n\n<h3 class=\"has-text-align-center is-style-vk-heading-background_fill_lightgray wp-block-heading\"><strong>H\u1ed2 CH\u00cd MINH - TH\u00c0NH PH\u1ed0 TH\u01af\u01a0NG M\u1ea0I<\/strong><\/h3>\n\n\n\n<div class=\"wp-block-columns is-layout-flex wp-container-core-columns-is-layout-9d6595d7 wp-block-columns-is-layout-flex\">\n<div class=\"wp-block-column is-layout-flow wp-block-column-is-layout-flow\">\n<figure class=\"wp-block-embed is-type-video is-provider-youtube wp-block-embed-youtube wp-embed-aspect-16-9 wp-has-aspect-ratio\"><div class=\"wp-block-embed__wrapper\">\n<iframe loading=\"lazy\" title=\"6\u5206\u3067\u308f\u304b\u308b\u30d9\u30c8\u30ca\u30e0 \u30db\u30fc\u30c1\u30df\u30f3\uff08\u30b5\u30a4\u30b4\u30f3\uff09 \u57fa\u790e\u77e5\u8b58\u3010\u521d\u7d1a\u7de8\u3011\" width=\"1140\" height=\"641\" src=\"https:\/\/www.youtube.com\/embed\/ULBhrumy5uI?feature=oembed\" frameborder=\"0\" allow=\"accelerometer; autoplay; clipboard-write; encrypted-media; gyroscope; picture-in-picture\" allowfullscreen><\/iframe>\n<\/div><figcaption>6\u5206\u3067\u308f\u304b\u308b\u3001\u30db\u30fc\u30c1\u30df\u30f3\u306e\u57fa\u790e\u60c5\u5831<\/figcaption><\/figure>\n<\/div>\n\n\n\n<div class=\"wp-block-column is-layout-flow wp-block-column-is-layout-flow\">\n<p><strong>N\u1eb1m \u1edf mi\u1ec1n Nam Vi\u1ec7t Nam, H\u1ed3 Ch\u00ed Minh \u0111ang d\u1eabn d\u1eaft n\u1ec1n kinh t\u1ebf Vi\u1ec7t Nam l\u00e0 m\u1ed9t trong nh\u1eefng th\u00e0nh ph\u1ed1 th\u01b0\u01a1ng m\u1ea1i v\u00e0 du l\u1ecbch h\u00e0ng \u0111\u1ea7u \u0110\u00f4ng Nam \u00c1.H\u1ed3 Ch\u00ed Minh t\u00ean c\u0169 l\u00e0 \"S\u00e0i G\u00f2n\". N\u00f3 \u0111\u01b0\u1ee3c \u0111\u1ed5i t\u00ean th\u00e0nh \"H\u1ed3 Ch\u00ed Minh\" sau Chi\u1ebfn tranh Vi\u1ec7t Nam.Ngay c\u1ea3 b\u00e2y gi\u1edd, nhi\u1ec1u ng\u01b0\u1eddi d\u00e2n \u0111\u1ecba ph\u01b0\u01a1ng v\u1eabn s\u1eed d\u1ee5ng t\u00ean \"S\u00e0i G\u00f2n\", v\u00e0 b\u1ea1n c\u00f3 th\u1ec3 th\u1ea5y r\u1eb1ng h\u1ecd t\u1ef1 h\u00e0o v\u1ec1 c\u00e1i t\u00ean \u0111\u00f3.Do s\u1ef1 cai tr\u1ecb l\u00e2u \u0111\u1eddi c\u1ee7a Ph\u00e1p, c\u1ea3nh quan th\u00e0nh ph\u1ed1 th\u01b0\u1eddng \u0111\u01b0\u1ee3c g\u1ecdi l\u00e0 \"Paris c\u1ee7a ph\u01b0\u01a1ng \u0110\u00f4ng\".Ng\u00e0y nay, s\u1ef1 ph\u00e1t tri\u1ec3n \u0111\u00f4 th\u1ecb v\u00e0 ph\u00e1t tri\u1ec3n kinh t\u1ebf ng\u00e0y c\u00e0ng ti\u1ebfn b\u1ed9, v\u00e0 \u0111\u00e2y l\u00e0 m\u1ed9t th\u00e0nh ph\u1ed1 s\u00f4i \u0111\u1ed9ng v\u1edbi t\u00e0u \u0111i\u1ec7n ng\u1ea7m, c\u00e1c t\u00f2a nh\u00e0 ch\u1ecdc tr\u1eddi v\u00e0 c\u00e1c c\u01a1 s\u1edf th\u01b0\u01a1ng m\u1ea1i l\u1edbn.<\/strong><\/p>\n<\/div>\n<\/div>\n\n\n\n<h2 class=\"has-text-align-center is-style-vk-heading-background_fill_lightgray wp-block-heading\">\u30d9\u30c8\u30ca\u30e0\u306e\u56fd\u6c11\u6027\u300e4K\u300f\u3092\u3054\u7d39\u4ecb\uff01\uff01<\/h2>\n\n\n\n<div class=\"wp-block-columns is-layout-flex wp-container-core-columns-is-layout-9d6595d7 wp-block-columns-is-layout-flex\">\n<div class=\"wp-block-column is-layout-flow wp-block-column-is-layout-flow\">\n<figure class=\"wp-block-embed is-type-video is-provider-youtube wp-block-embed-youtube wp-embed-aspect-16-9 wp-has-aspect-ratio\"><div class=\"wp-block-embed__wrapper\">\n<iframe loading=\"lazy\" title=\"\u30d9\u30c8\u30ca\u30e0\u4eba\u306e\u56fd\u6c11\u6027\u300e4K\u300f\u3092\u3054\u7d39\u4ecb\uff01\uff01\" width=\"1140\" height=\"641\" src=\"https:\/\/www.youtube.com\/embed\/xIl0OVMpEA8?feature=oembed\" frameborder=\"0\" allow=\"accelerometer; autoplay; clipboard-write; encrypted-media; gyroscope; picture-in-picture\" allowfullscreen><\/iframe>\n<\/div><\/figure>\n<\/div>\n\n\n\n<div class=\"wp-block-column is-layout-flow wp-block-column-is-layout-flow\">\n<p><strong>\u3053\u308c\u304b\u3089\u30d9\u30c8\u30ca\u30e0\u306e\u56fd\u6c11\u6027\uff084K\uff09\u3092\u3054\u7d39\u4ecb\u3057\u307e\u3059\u3088\uff01\u307f\u306a\u3055\u3093\u3082\u30d9\u30c8\u30ca\u30e0\u4eba\u306b\u3064\u3044\u3066\u8a73\u3057\u304f\u306a\u3063\u3066\u304f\u3060\u3055\u3044\u306d\uff5e\u266a<\/strong><br><br><strong>\u2460\u624b\u5148\u304c\u5668\u7528\uff08Kiyou\uff09<\/strong><br><strong>\u2461\u5411\u4e0a\u5fc3\uff08Koujoshin\uff09<\/strong><br><strong>\u2462 \u8fd1\u8996\u773c\u7684\uff08Kinshiganteki\uff09<\/strong><br><strong>\u2463 \u304b\u304b\u3042\u5929\u4e0b\uff08Kakaatenka\uff09<\/strong><\/p>\n<\/div>\n<\/div>\n<div class=\"veu_socialSet veu_socialSet-position-after veu_contentAddSection\"><script>window.twttr=(function(d,s,id){var js,fjs=d.getElementsByTagName(s)[0],t=window.twttr||{};if(d.getElementById(id))return t;js=d.createElement(s);js.id=id;js.src=\"https:\/\/platform.twitter.com\/widgets.js\";fjs.parentNode.insertBefore(js,fjs);t._e=[];t.ready=function(f){t._e.push(f);};return t;}(document,\"script\",\"twitter-wjs\"));<\/script><ul><li class=\"sb_facebook sb_icon\"><a class=\"sb_icon_inner\" href=\"\/\/www.facebook.com\/sharer.php?src=bm&u=https%3A%2F%2Fahreco.vn%2Fvi%2Fabout-vietnam%2F&amp;t=%E3%82%A2%E3%82%B8%E3%82%A2%E4%BA%BA%E6%9D%90%E8%82%B2%E6%88%90%E6%9C%89%E9%99%90%E4%BC%9A%E7%A4%BE%EF%BC%88AHRE.CO%EF%BC%89\" target=\"_blank\" onclick=\"window.open(this.href,'FBwindow','width=650,height=450,menubar=no,toolbar=no,scrollbars=yes');return false;\"><span class=\"vk_icon_w_r_sns_fb icon_sns\"><\/span><span class=\"sns_txt\">Facebook<\/span><span class=\"veu_count_sns_fb\"><\/span><\/a><\/li><li class=\"sb_twitter sb_icon\"><a class=\"sb_icon_inner\" href=\"\/\/twitter.com\/intent\/tweet?url=https%3A%2F%2Fahreco.vn%2Fvi%2Fabout-vietnam%2F&amp;text=%E3%82%A2%E3%82%B8%E3%82%A2%E4%BA%BA%E6%9D%90%E8%82%B2%E6%88%90%E6%9C%89%E9%99%90%E4%BC%9A%E7%A4%BE%EF%BC%88AHRE.CO%EF%BC%89\" target=\"_blank\" ><span class=\"vk_icon_w_r_sns_twitter icon_sns\"><\/span><span class=\"sns_txt\">twitter<\/span><\/a><\/li><li class=\"sb_copy sb_icon\"><button class=\"copy-button sb_icon_inner\"data-clipboard-text=\"\u30a2\u30b8\u30a2\u4eba\u6750\u80b2\u6210\u6709\u9650\u4f1a\u793e\uff08AHRE.CO\uff09 https:\/\/ahreco.vn\/vi\/about-vietnam\/\"><span class=\"vk_icon_w_r_sns_copy icon_sns\"><i class=\"fas fa-copy\"><\/i><\/span><span class=\"sns_txt\">Copy<\/span><\/button><\/li><\/ul><\/div><!-- [ \/.socialSet ] -->","protected":false},"excerpt":{"rendered":"<p>\u30d9\u30c8\u30ca\u30e0\u306e\u57fa\u790e\u77e5\u8b58\u3068\u4ee3\u8868\u7684\u306a\u90fd\u5e02\u3092\u3054\u7d39\u4ecb\u3057\u307e\u3059\uff01\u65e5\u672c\u306b\u8fd1\u3044\u98df\u751f\u6d3b\u3084\u52e4\u52c9\u3067\u89aa\u3057\u307f\u3084\u3059\u3044\u56fd\u6c11\u6027\u306a\u3069\u30d9\u30c8\u30ca\u30e0\u306f\u65e5\u672c\u306b [&hellip;]<\/p>","protected":false},"author":1,"featured_media":0,"parent":0,"menu_order":0,"comment_status":"closed","ping_status":"closed","template":"","meta":{"vkexunit_cta_each_option":"","footnotes":""},"class_list":["post-582","page","type-page","status-publish","hentry"],"aioseo_notices":[],"_links":{"self":[{"href":"https:\/\/ahreco.vn\/vi\/wp-json\/wp\/v2\/pages\/582","targetHints":{"allow":["GET"]}}],"collection":[{"href":"https:\/\/ahreco.vn\/vi\/wp-json\/wp\/v2\/pages"}],"about":[{"href":"https:\/\/ahreco.vn\/vi\/wp-json\/wp\/v2\/types\/page"}],"author":[{"embeddable":true,"href":"https:\/\/ahreco.vn\/vi\/wp-json\/wp\/v2\/users\/1"}],"replies":[{"embeddable":true,"href":"https:\/\/ahreco.vn\/vi\/wp-json\/wp\/v2\/comments?post=582"}],"version-history":[{"count":6,"href":"https:\/\/ahreco.vn\/vi\/wp-json\/wp\/v2\/pages\/582\/revisions"}],"predecessor-version":[{"id":679,"href":"https:\/\/ahreco.vn\/vi\/wp-json\/wp\/v2\/pages\/582\/revisions\/679"}],"wp:attachment":[{"href":"https:\/\/ahreco.vn\/vi\/wp-json\/wp\/v2\/media?parent=582"}],"curies":[{"name":"wp","href":"https:\/\/api.w.org\/{rel}","templated":true}]}}