{"id":594,"date":"2022-03-29T13:58:52","date_gmt":"2022-03-29T04:58:52","guid":{"rendered":"https:\/\/ahreco.vn\/?page_id=594"},"modified":"2022-03-29T16:39:35","modified_gmt":"2022-03-29T07:39:35","slug":"about-japan","status":"publish","type":"page","link":"https:\/\/ahreco.vn\/vi\/about-japan\/","title":{"rendered":"Nh\u1eadt B\u1ea3n l\u00e0 n\u01b0\u1edbc n\u00e0o?"},"content":{"rendered":"<h3 class=\"has-text-align-center is-style-vk-heading-background_fill_lightgray wp-block-heading\"><strong>Nh\u1eadt B\u1ea3n l\u00e0 n\u01b0\u1edbc n\u00e0o?<\/strong><\/h3>\n\n\n\n<p>Nh\u1eadt B\u1ea3n (ti\u1ebfng Nh\u1eadt g\u1ecdi l\u00e0 Nihon ho\u1eb7c Nippon), ch\u1ea1y theo h\u00ecnh v\u00f2ng cung d\u00e0i 3.800km, t\u1eeb v\u0129 \u0111\u1ed9 b\u1eafc 20025\u2019 \u0111\u1ebfn 45033\u2019 b\u00ean b\u1edd ph\u00eda \u0110\u00f4ng l\u1ee5c \u0111\u1ecba ch\u00e2u \u00c1. T\u1ed5ng di\u1ec7n t\u00edch c\u1ee7a Nh\u1eadt B\u1ea3n l\u00e0 380.000 km2 , l\u1edbn h\u01a1n Ph\u1ea7n Lan, Vi\u1ec7t Nam ho\u1eb7c Malaysia m\u1ed9t ch\u00fat, song ch\u1ec9 b\u1eb1ng 1\/25 t\u1ed5ng di\u1ec7n t\u00edch c\u1ee7a M\u1ef9, 1\/2 t\u1ed5ng di\u1ec7n t\u00edch c\u1ee7a Chile, g\u1ea5p 1.5 l\u1ea7n di\u1ec7n t\u00edch n\u01b0\u1edbc Anh. Nh\u1eadt B\u1ea3n l\u00e0 \u0111\u1ea5t n\u01b0\u1edbc c\u00f3 nhi\u1ec1u r\u1eebng n\u00fai, chi\u1ebfm kho\u1ea3ng 67% di\u1ec7n t\u00edch, c\u00e1c c\u00e1nh \u0111\u1ed3ng \u0111\u01b0\u1ee3c canh t\u00e1c chi\u1ebfm kho\u1ea3ng 13%.<\/p>\n\n\n\n<p>Nh\u1eadt B\u1ea3n g\u1ed3m 4 h\u00f2n \u0111\u1ea3o ch\u00ednh l\u00e0 Hokkaido (83.453 km2), Honshu (231.078 km2, chi\u1ebfm tr\u00ean 60% t\u1ed5ng di\u1ec7n t\u00edch), Shikoku (18.788 km2) v\u00e0 Kyushu (42.165 km2) v\u00e0 h\u00e0ng ng\u00e0n h\u00f2n \u0111\u1ea3o nh\u1ecf kh\u00e1c.<\/p>\n\n\n\n<h3 class=\"has-text-align-center is-style-vk-heading-background_fill_lightgray wp-block-heading\"><strong>Th\u1ee7 \u0111\u00f4<\/strong><\/h3>\n\n\n\n<p>Tokyo l\u00e0 th\u1ee7 \u0111\u00f4 c\u1ee7a Nh\u1eadt B\u1ea3n v\u1edbi di\u1ec7n t\u00edch 2.187 km2, d\u00e2n s\u1ed1 12.064.000 ng\u01b0\u1eddi (n\u0103m 2000). Th\u1ee7 \u0111\u00f4 Tokyo l\u00e0 trung t\u00e2m ch\u00ednh tr\u1ecb g\u1ed3m c\u00e1c to\u00e0 nh\u00e0 h\u00e0nh ch\u00e1nh c\u1ee7a ch\u00ednh ph\u1ee7 nh\u01b0 To\u00e0 nh\u00e0 Qu\u1ed1c h\u1ed9i, To\u00e0 \u00e1n, nhi\u1ec1u v\u0103n ph\u00f2ng c\u1ee7a c\u00e1c B\u1ed9 \u0111\u01b0\u1ee3c t\u1eadp trung ngay t\u1ea1i khu v\u1ef1c trung t\u00e2m c\u1ee7a th\u1ee7 \u0111\u00f4. Tokyo c\u00f2n l\u00e0 m\u1ed9t trung t\u00e2m kinh t\u1ebf v\u1edbi s\u1ef1 hi\u1ec7n di\u1ec7n c\u1ee7a c\u00e1c v\u0103n ph\u00f2ng c\u00f4ng ty. Ngo\u00e0i ra Tokyo c\u0169ng l\u00e0 m\u1ed9t trung t\u00e2m v\u0103n ho\u00e1 v\u00e0 th\u00f4ng tin v\u1edbi nhi\u1ec1u c\u01a1 s\u1edf v\u0103n ho\u00e1, to\u00e0 so\u1ea1n b\u00e1o, \u0111\u00e0i truy\u1ec1n h\u00ecnh \u0111ang ho\u1ea1t \u0111\u1ed9ng t\u1ea1i \u0111\u00e2y.<\/p>\n\n\n\n<figure class=\"wp-block-gallery aligncenter has-nested-images columns-default is-cropped wp-block-gallery-1 is-layout-flex wp-block-gallery-is-layout-flex\">\n<figure class=\"wp-block-image size-large is-style-vk-image-photoFrame\"><img loading=\"lazy\" decoding=\"async\" width=\"1024\" height=\"768\" data-id=\"620\" src=\"https:\/\/ahreco.vn\/wp-content\/uploads\/2022\/03\/\u65e5\u672c\u6587\u5316.001.png\" alt=\"\" class=\"wp-image-620\" srcset=\"https:\/\/ahreco.vn\/wp-content\/uploads\/2022\/03\/\u65e5\u672c\u6587\u5316.001.png 1024w, https:\/\/ahreco.vn\/wp-content\/uploads\/2022\/03\/\u65e5\u672c\u6587\u5316.001-300x225.png 300w, https:\/\/ahreco.vn\/wp-content\/uploads\/2022\/03\/\u65e5\u672c\u6587\u5316.001-768x576.png 768w, https:\/\/ahreco.vn\/wp-content\/uploads\/2022\/03\/\u65e5\u672c\u6587\u5316.001-16x12.png 16w\" sizes=\"auto, (max-width: 1024px) 100vw, 1024px\" \/><\/figure>\n\n\n\n<figure class=\"wp-block-image size-large is-style-vk-image-photoFrame\"><img loading=\"lazy\" decoding=\"async\" width=\"1024\" height=\"768\" data-id=\"621\" src=\"https:\/\/ahreco.vn\/wp-content\/uploads\/2022\/03\/\u65e5\u672c\u6587\u5316.002.png\" alt=\"\" class=\"wp-image-621\" srcset=\"https:\/\/ahreco.vn\/wp-content\/uploads\/2022\/03\/\u65e5\u672c\u6587\u5316.002.png 1024w, https:\/\/ahreco.vn\/wp-content\/uploads\/2022\/03\/\u65e5\u672c\u6587\u5316.002-300x225.png 300w, https:\/\/ahreco.vn\/wp-content\/uploads\/2022\/03\/\u65e5\u672c\u6587\u5316.002-768x576.png 768w, https:\/\/ahreco.vn\/wp-content\/uploads\/2022\/03\/\u65e5\u672c\u6587\u5316.002-16x12.png 16w\" sizes=\"auto, (max-width: 1024px) 100vw, 1024px\" \/><\/figure>\n\n\n\n<figure class=\"wp-block-image size-large is-style-vk-image-photoFrame\"><img loading=\"lazy\" decoding=\"async\" width=\"1024\" height=\"768\" data-id=\"619\" src=\"https:\/\/ahreco.vn\/wp-content\/uploads\/2022\/03\/\u65e5\u672c\u6587\u5316.003.png\" alt=\"\" class=\"wp-image-619\" srcset=\"https:\/\/ahreco.vn\/wp-content\/uploads\/2022\/03\/\u65e5\u672c\u6587\u5316.003.png 1024w, https:\/\/ahreco.vn\/wp-content\/uploads\/2022\/03\/\u65e5\u672c\u6587\u5316.003-300x225.png 300w, https:\/\/ahreco.vn\/wp-content\/uploads\/2022\/03\/\u65e5\u672c\u6587\u5316.003-768x576.png 768w, https:\/\/ahreco.vn\/wp-content\/uploads\/2022\/03\/\u65e5\u672c\u6587\u5316.003-16x12.png 16w\" sizes=\"auto, (max-width: 1024px) 100vw, 1024px\" \/><\/figure>\n<\/figure>\n\n\n\n<figure class=\"wp-block-gallery aligncenter has-nested-images columns-default is-cropped wp-block-gallery-2 is-layout-flex wp-block-gallery-is-layout-flex\">\n<figure class=\"wp-block-image size-large is-style-vk-image-photoFrame\"><img loading=\"lazy\" decoding=\"async\" width=\"1024\" height=\"768\" data-id=\"622\" src=\"https:\/\/ahreco.vn\/wp-content\/uploads\/2022\/03\/\u65e5\u672c\u6587\u5316.004.png\" alt=\"\" class=\"wp-image-622\" srcset=\"https:\/\/ahreco.vn\/wp-content\/uploads\/2022\/03\/\u65e5\u672c\u6587\u5316.004.png 1024w, https:\/\/ahreco.vn\/wp-content\/uploads\/2022\/03\/\u65e5\u672c\u6587\u5316.004-300x225.png 300w, https:\/\/ahreco.vn\/wp-content\/uploads\/2022\/03\/\u65e5\u672c\u6587\u5316.004-768x576.png 768w, https:\/\/ahreco.vn\/wp-content\/uploads\/2022\/03\/\u65e5\u672c\u6587\u5316.004-16x12.png 16w\" sizes=\"auto, (max-width: 1024px) 100vw, 1024px\" \/><\/figure>\n\n\n\n<figure class=\"wp-block-image size-large is-style-vk-image-photoFrame\"><img loading=\"lazy\" decoding=\"async\" width=\"1024\" height=\"768\" data-id=\"623\" src=\"https:\/\/ahreco.vn\/wp-content\/uploads\/2022\/03\/\u65e5\u672c\u6587\u5316.005.png\" alt=\"\" class=\"wp-image-623\" srcset=\"https:\/\/ahreco.vn\/wp-content\/uploads\/2022\/03\/\u65e5\u672c\u6587\u5316.005.png 1024w, https:\/\/ahreco.vn\/wp-content\/uploads\/2022\/03\/\u65e5\u672c\u6587\u5316.005-300x225.png 300w, https:\/\/ahreco.vn\/wp-content\/uploads\/2022\/03\/\u65e5\u672c\u6587\u5316.005-768x576.png 768w, https:\/\/ahreco.vn\/wp-content\/uploads\/2022\/03\/\u65e5\u672c\u6587\u5316.005-16x12.png 16w\" sizes=\"auto, (max-width: 1024px) 100vw, 1024px\" \/><\/figure>\n\n\n\n<figure class=\"wp-block-image size-large is-style-vk-image-photoFrame\"><img loading=\"lazy\" decoding=\"async\" width=\"1024\" height=\"768\" data-id=\"624\" src=\"https:\/\/ahreco.vn\/wp-content\/uploads\/2022\/03\/\u65e5\u672c\u6587\u5316.006.png\" alt=\"\" class=\"wp-image-624\" srcset=\"https:\/\/ahreco.vn\/wp-content\/uploads\/2022\/03\/\u65e5\u672c\u6587\u5316.006.png 1024w, https:\/\/ahreco.vn\/wp-content\/uploads\/2022\/03\/\u65e5\u672c\u6587\u5316.006-300x225.png 300w, https:\/\/ahreco.vn\/wp-content\/uploads\/2022\/03\/\u65e5\u672c\u6587\u5316.006-768x576.png 768w, https:\/\/ahreco.vn\/wp-content\/uploads\/2022\/03\/\u65e5\u672c\u6587\u5316.006-16x12.png 16w\" sizes=\"auto, (max-width: 1024px) 100vw, 1024px\" \/><\/figure>\n<\/figure>\n\n\n\n<h3 class=\"has-text-align-center is-style-vk-heading-background_fill_lightgray wp-block-heading\"><strong>M\u00d3N \u0102N N\u1ed4I TI\u1ebeNG<\/strong><\/h3>\n\n\n\n<p>M\u1ed7i v\u00f9ng c\u1ee7a Nh\u1eadt \u0111\u1ec1u c\u00f3 s\u01a1n h\u00e0o h\u1ea3i v\u1ecb<br>Ch\u00fang t\u00f4i xin gi\u1edbi thi\u1ec7u 3 m\u00f3n ngon c\u1ee7a Nh\u1eadt B\u1ea3n m\u00e0 b\u1ea1n c\u00f3 th\u1ec3 \u0103n \u1edf b\u1ea5t c\u1ee9 n\u01a1i \u0111\u00e2u<\/p>\n\n\n\n<figure class=\"wp-block-gallery aligncenter has-nested-images columns-default is-cropped wp-block-gallery-3 is-layout-flex wp-block-gallery-is-layout-flex\">\n<figure class=\"wp-block-image size-large is-style-vk-image-photoFrame\"><img loading=\"lazy\" decoding=\"async\" width=\"1024\" height=\"768\" data-id=\"614\" src=\"https:\/\/ahreco.vn\/wp-content\/uploads\/2022\/03\/\u65e5\u672c\u6587\u5316.007.png\" alt=\"\" class=\"wp-image-614\" srcset=\"https:\/\/ahreco.vn\/wp-content\/uploads\/2022\/03\/\u65e5\u672c\u6587\u5316.007.png 1024w, https:\/\/ahreco.vn\/wp-content\/uploads\/2022\/03\/\u65e5\u672c\u6587\u5316.007-300x225.png 300w, https:\/\/ahreco.vn\/wp-content\/uploads\/2022\/03\/\u65e5\u672c\u6587\u5316.007-768x576.png 768w, https:\/\/ahreco.vn\/wp-content\/uploads\/2022\/03\/\u65e5\u672c\u6587\u5316.007-16x12.png 16w\" sizes=\"auto, (max-width: 1024px) 100vw, 1024px\" \/><\/figure>\n\n\n\n<figure class=\"wp-block-image size-large is-style-vk-image-photoFrame\"><img loading=\"lazy\" decoding=\"async\" width=\"1024\" height=\"768\" data-id=\"612\" src=\"https:\/\/ahreco.vn\/wp-content\/uploads\/2022\/03\/\u65e5\u672c\u6587\u5316.008.png\" alt=\"\" class=\"wp-image-612\" srcset=\"https:\/\/ahreco.vn\/wp-content\/uploads\/2022\/03\/\u65e5\u672c\u6587\u5316.008.png 1024w, https:\/\/ahreco.vn\/wp-content\/uploads\/2022\/03\/\u65e5\u672c\u6587\u5316.008-300x225.png 300w, https:\/\/ahreco.vn\/wp-content\/uploads\/2022\/03\/\u65e5\u672c\u6587\u5316.008-768x576.png 768w, https:\/\/ahreco.vn\/wp-content\/uploads\/2022\/03\/\u65e5\u672c\u6587\u5316.008-16x12.png 16w\" sizes=\"auto, (max-width: 1024px) 100vw, 1024px\" \/><\/figure>\n\n\n\n<figure class=\"wp-block-image size-large is-style-vk-image-photoFrame\"><img loading=\"lazy\" decoding=\"async\" width=\"1024\" height=\"768\" data-id=\"613\" src=\"https:\/\/ahreco.vn\/wp-content\/uploads\/2022\/03\/\u65e5\u672c\u6587\u5316.009.png\" alt=\"\" class=\"wp-image-613\" srcset=\"https:\/\/ahreco.vn\/wp-content\/uploads\/2022\/03\/\u65e5\u672c\u6587\u5316.009.png 1024w, https:\/\/ahreco.vn\/wp-content\/uploads\/2022\/03\/\u65e5\u672c\u6587\u5316.009-300x225.png 300w, https:\/\/ahreco.vn\/wp-content\/uploads\/2022\/03\/\u65e5\u672c\u6587\u5316.009-768x576.png 768w, https:\/\/ahreco.vn\/wp-content\/uploads\/2022\/03\/\u65e5\u672c\u6587\u5316.009-16x12.png 16w\" sizes=\"auto, (max-width: 1024px) 100vw, 1024px\" \/><\/figure>\n<\/figure>\n\n\n\n<h3 class=\"has-text-align-center is-style-vk-heading-background_fill_lightgray wp-block-heading\"><strong> V\u0102N HO\u00c1 NH\u1eacT B\u1ea2N<\/strong><\/h3>\n\n\n\n<figure class=\"wp-block-gallery aligncenter has-nested-images columns-default is-cropped wp-block-gallery-4 is-layout-flex wp-block-gallery-is-layout-flex\">\n<figure class=\"wp-block-image size-large is-style-vk-image-photoFrame\"><img loading=\"lazy\" decoding=\"async\" width=\"1024\" height=\"768\" data-id=\"618\" src=\"https:\/\/ahreco.vn\/wp-content\/uploads\/2022\/03\/\u65e5\u672c\u6587\u5316.010.png\" alt=\"\" class=\"wp-image-618\" srcset=\"https:\/\/ahreco.vn\/wp-content\/uploads\/2022\/03\/\u65e5\u672c\u6587\u5316.010.png 1024w, https:\/\/ahreco.vn\/wp-content\/uploads\/2022\/03\/\u65e5\u672c\u6587\u5316.010-300x225.png 300w, https:\/\/ahreco.vn\/wp-content\/uploads\/2022\/03\/\u65e5\u672c\u6587\u5316.010-768x576.png 768w, https:\/\/ahreco.vn\/wp-content\/uploads\/2022\/03\/\u65e5\u672c\u6587\u5316.010-16x12.png 16w\" sizes=\"auto, (max-width: 1024px) 100vw, 1024px\" \/><\/figure>\n\n\n\n<figure class=\"wp-block-image size-large is-style-vk-image-photoFrame\"><img loading=\"lazy\" decoding=\"async\" width=\"1024\" height=\"768\" data-id=\"617\" src=\"https:\/\/ahreco.vn\/wp-content\/uploads\/2022\/03\/\u65e5\u672c\u6587\u5316.011.png\" alt=\"\" class=\"wp-image-617\" srcset=\"https:\/\/ahreco.vn\/wp-content\/uploads\/2022\/03\/\u65e5\u672c\u6587\u5316.011.png 1024w, https:\/\/ahreco.vn\/wp-content\/uploads\/2022\/03\/\u65e5\u672c\u6587\u5316.011-300x225.png 300w, https:\/\/ahreco.vn\/wp-content\/uploads\/2022\/03\/\u65e5\u672c\u6587\u5316.011-768x576.png 768w, https:\/\/ahreco.vn\/wp-content\/uploads\/2022\/03\/\u65e5\u672c\u6587\u5316.011-16x12.png 16w\" sizes=\"auto, (max-width: 1024px) 100vw, 1024px\" \/><\/figure>\n\n\n\n<figure class=\"wp-block-image size-large is-style-vk-image-photoFrame\"><img loading=\"lazy\" decoding=\"async\" width=\"1024\" height=\"768\" data-id=\"616\" src=\"https:\/\/ahreco.vn\/wp-content\/uploads\/2022\/03\/\u65e5\u672c\u6587\u5316.012.png\" alt=\"\" class=\"wp-image-616\" srcset=\"https:\/\/ahreco.vn\/wp-content\/uploads\/2022\/03\/\u65e5\u672c\u6587\u5316.012.png 1024w, https:\/\/ahreco.vn\/wp-content\/uploads\/2022\/03\/\u65e5\u672c\u6587\u5316.012-300x225.png 300w, https:\/\/ahreco.vn\/wp-content\/uploads\/2022\/03\/\u65e5\u672c\u6587\u5316.012-768x576.png 768w, https:\/\/ahreco.vn\/wp-content\/uploads\/2022\/03\/\u65e5\u672c\u6587\u5316.012-16x12.png 16w\" sizes=\"auto, (max-width: 1024px) 100vw, 1024px\" \/><\/figure>\n<\/figure>\n\n\n\n<h3 class=\"has-text-align-center is-style-vk-heading-background_fill_lightgray wp-block-heading\"><strong>So s\u00e1nh Vi\u1ec7t Nam v\u00e0 Nh\u1eadt B\u1ea3n<\/strong><\/h3>\n\n\n\n<div class=\"wp-block-image is-style-vk-image-photoFrame\"><figure class=\"aligncenter size-large\"><img loading=\"lazy\" decoding=\"async\" width=\"1024\" height=\"576\" src=\"https:\/\/ahreco.vn\/wp-content\/uploads\/2022\/03\/\u65e5\u672c\u3068\u30d8\u3099\u30c8\u30ca\u30e0\u306e\u6bd4\u8f03.002-1024x576.png\" alt=\"\" class=\"wp-image-607\" srcset=\"https:\/\/ahreco.vn\/wp-content\/uploads\/2022\/03\/\u65e5\u672c\u3068\u30d8\u3099\u30c8\u30ca\u30e0\u306e\u6bd4\u8f03.002-1024x576.png 1024w, https:\/\/ahreco.vn\/wp-content\/uploads\/2022\/03\/\u65e5\u672c\u3068\u30d8\u3099\u30c8\u30ca\u30e0\u306e\u6bd4\u8f03.002-300x169.png 300w, https:\/\/ahreco.vn\/wp-content\/uploads\/2022\/03\/\u65e5\u672c\u3068\u30d8\u3099\u30c8\u30ca\u30e0\u306e\u6bd4\u8f03.002-768x432.png 768w, https:\/\/ahreco.vn\/wp-content\/uploads\/2022\/03\/\u65e5\u672c\u3068\u30d8\u3099\u30c8\u30ca\u30e0\u306e\u6bd4\u8f03.002-1536x864.png 1536w, https:\/\/ahreco.vn\/wp-content\/uploads\/2022\/03\/\u65e5\u672c\u3068\u30d8\u3099\u30c8\u30ca\u30e0\u306e\u6bd4\u8f03.002-18x10.png 18w, https:\/\/ahreco.vn\/wp-content\/uploads\/2022\/03\/\u65e5\u672c\u3068\u30d8\u3099\u30c8\u30ca\u30e0\u306e\u6bd4\u8f03.002-320x180.png 320w, https:\/\/ahreco.vn\/wp-content\/uploads\/2022\/03\/\u65e5\u672c\u3068\u30d8\u3099\u30c8\u30ca\u30e0\u306e\u6bd4\u8f03.002.png 1920w\" sizes=\"auto, (max-width: 1024px) 100vw, 1024px\" \/><figcaption>\u65e5\u8d8a\u6bd4\u8f03\u8868<\/figcaption><\/figure><\/div>\n\n\n\n<h3 class=\"has-text-align-center is-style-vk-heading-background_fill_lightgray wp-block-heading\"><strong>Khu v\u1ef1c h\u00e0nh ch\u00ednh<\/strong><\/h3>\n\n\n\n<p>\u0110\u01a1n v\u1ecb h\u00e0nh ch\u00ednh c\u1ee7a Nh\u1eadt B\u1ea3n g\u1ed3m 4 c\u1ea5p: \u201cto\u201d, \u201cdo\u201d, \u201cfu\u201d v\u00e0 \u201cken\u201d.<br>\u65e5\u672c\u306e\u884c\u653f\u5358\u4f4d\u306b\u306f\u3001\u300c\u3068\u300d\u3001\u300c\u3069\u300d\u3001\u300c\u3075\u300d\u3001\u300c\u3051\u3093\u300d\u306e4\u3064\u306e\u30ec\u30d9\u30eb\u304c\u3042\u308a\u307e\u3059\u3002<br><br>- \u201cto\u201d (\u201c\u0111\u00f4\u201d) : d\u00f9ng cho Tokyo\u3000\u6771\u4eac\u306b\u4f7f\u7528<br>-&nbsp;\u201cdo\u201d (\u201c\u0111\u1ea1o\u201d) : d\u00f9ng ri\u00eang cho \u0110\u1ea3o Hokkaido\u3000\u5317\u6d77\u9053\u5c02\u7528<br>-&nbsp;\u201cfu\u201d (\u201cph\u1ee7\u201d) : d\u00e0nh cho Osaka v\u00e0 Kyoto\u3000\u5927\u962a\u3068\u4eac\u90fd<br>-&nbsp;\u201cken\u201d (\u201chuy\u1ec7n\u201d) : \u0111\u01a1n v\u1ecb h\u00e0nh ch\u00ednh c\u1ea5p t\u1ec9nh\u3000\u5730\u65b9\u884c\u653f\u5358\u4f4d<\/p>\n\n\n\n<p>Nh\u1eadt B\u1ea3n c\u00f3 43 \u201cken\u201d, 1 \u201cto\u201d, 2 \u201cfu\u201d v\u00e0 1 \u201cdo\u201d. Ngo\u00e0i ra, Nh\u1eadt B\u1ea3n c\u00f2n th\u01b0\u1eddng \u0111\u01b0\u1ee3c chia l\u00e0m 8 v\u00f9ng:<br>\u65e5\u672c\u306f\uff14\uff13\u770c\u3001\uff11\u3068\u3001\uff12\u5e9c\u3001\uff11\u3069\u304c\u3042\u308a\u307e\u3059\u3002\u307e\u305f\u3001\u65e5\u672c\u306f\u3057\u3070\u3057\u30708\u3064\u306e\u5730\u57df\u306b\u5206\u304b\u308c\u3066\u3044\u307e\u3059\u3002<\/p>\n\n\n\n<div class=\"wp-block-columns is-layout-flex wp-container-core-columns-is-layout-9d6595d7 wp-block-columns-is-layout-flex\">\n<div class=\"wp-block-column is-layout-flow wp-block-column-is-layout-flow\" style=\"flex-basis:33.33%\">\n<figure class=\"wp-block-image size-full is-style-vk-image-photoFrame\"><img loading=\"lazy\" decoding=\"async\" width=\"591\" height=\"592\" src=\"https:\/\/ahreco.vn\/wp-content\/uploads\/2022\/03\/1298598.png\" alt=\"\" class=\"wp-image-603\" srcset=\"https:\/\/ahreco.vn\/wp-content\/uploads\/2022\/03\/1298598.png 591w, https:\/\/ahreco.vn\/wp-content\/uploads\/2022\/03\/1298598-300x300.png 300w, https:\/\/ahreco.vn\/wp-content\/uploads\/2022\/03\/1298598-150x150.png 150w, https:\/\/ahreco.vn\/wp-content\/uploads\/2022\/03\/1298598-12x12.png 12w\" sizes=\"auto, (max-width: 591px) 100vw, 591px\" \/><figcaption>JAPAN MAP<\/figcaption><\/figure>\n<\/div>\n\n\n\n<div class=\"wp-block-column is-layout-flow wp-block-column-is-layout-flow\" style=\"flex-basis:66.66%\">\n<p>(1)&nbsp;Hokkaido<br>(2)&nbsp;Tohoku: g\u1ed3m t\u1ec9nh Aomori, Iwate, Miyagi, Akita, Yamagata, Fukushima)<br>(3)&nbsp;Kanto: g\u1ed3m t\u1ec9nh Ibaraki, Tochigi, Gumma, Saitama, Chiba, Tokyo, Kanagawa<br>(4)&nbsp;Chubu: g\u1ed3m t\u1ec9nh Niigata, Toyama, Ishikawa, Fukui, Yamanashi,&nbsp;Nagano, Gifu, Shizuoka<br>(5)&nbsp;Kinki: g\u1ed3m t\u1ec9nh Mie, Shiga, Kyoto, Osaka, Hyogo, Nara,&nbsp;Wakayama<br>(6)&nbsp;Chugoku: g\u1ed3m&nbsp; t\u1ec9nh: Tottori, Shimane, Okayama, Hiroshima, Yamaguchi<br>(7)&nbsp;Shikoku: g\u1ed3m t\u1ec9nh: Kagawa, Ehime, Tokushima, Kochi<br>(8)&nbsp;Kyushu: g\u1ed3m t\u1ec9nh&nbsp; Fukuoka, Saga, Nagasaki, Kumamoto, Oita, Myazaki, Kagoshima, Okinawa<\/p>\n<\/div>\n<\/div>\n<div class=\"veu_socialSet veu_socialSet-position-after veu_contentAddSection\"><script>window.twttr=(function(d,s,id){var js,fjs=d.getElementsByTagName(s)[0],t=window.twttr||{};if(d.getElementById(id))return t;js=d.createElement(s);js.id=id;js.src=\"https:\/\/platform.twitter.com\/widgets.js\";fjs.parentNode.insertBefore(js,fjs);t._e=[];t.ready=function(f){t._e.push(f);};return t;}(document,\"script\",\"twitter-wjs\"));<\/script><ul><li class=\"sb_facebook sb_icon\"><a class=\"sb_icon_inner\" href=\"\/\/www.facebook.com\/sharer.php?src=bm&u=https%3A%2F%2Fahreco.vn%2Fvi%2Fabout-japan%2F&amp;t=%E3%82%A2%E3%82%B8%E3%82%A2%E4%BA%BA%E6%9D%90%E8%82%B2%E6%88%90%E6%9C%89%E9%99%90%E4%BC%9A%E7%A4%BE%EF%BC%88AHRE.CO%EF%BC%89\" target=\"_blank\" onclick=\"window.open(this.href,'FBwindow','width=650,height=450,menubar=no,toolbar=no,scrollbars=yes');return false;\"><span class=\"vk_icon_w_r_sns_fb icon_sns\"><\/span><span class=\"sns_txt\">Facebook<\/span><span class=\"veu_count_sns_fb\"><\/span><\/a><\/li><li class=\"sb_twitter sb_icon\"><a class=\"sb_icon_inner\" href=\"\/\/twitter.com\/intent\/tweet?url=https%3A%2F%2Fahreco.vn%2Fvi%2Fabout-japan%2F&amp;text=%E3%82%A2%E3%82%B8%E3%82%A2%E4%BA%BA%E6%9D%90%E8%82%B2%E6%88%90%E6%9C%89%E9%99%90%E4%BC%9A%E7%A4%BE%EF%BC%88AHRE.CO%EF%BC%89\" target=\"_blank\" ><span class=\"vk_icon_w_r_sns_twitter icon_sns\"><\/span><span class=\"sns_txt\">twitter<\/span><\/a><\/li><li class=\"sb_copy sb_icon\"><button class=\"copy-button sb_icon_inner\"data-clipboard-text=\"\u30a2\u30b8\u30a2\u4eba\u6750\u80b2\u6210\u6709\u9650\u4f1a\u793e\uff08AHRE.CO\uff09 https:\/\/ahreco.vn\/vi\/about-japan\/\"><span class=\"vk_icon_w_r_sns_copy icon_sns\"><i class=\"fas fa-copy\"><\/i><\/span><span class=\"sns_txt\">Copy<\/span><\/button><\/li><\/ul><\/div><!-- [ \/.socialSet ] -->","protected":false},"excerpt":{"rendered":"<p>\u65e5\u672c\u3063\u3066\u3069\u3093\u306a\u56fd\uff1f \u65e5\u672c\uff08\u65e5\u672c\u8a9e\u3067\u306f\u65e5\u672c\u307e\u305f\u306f\u65e5\u672c\u3068\u547c\u3070\u308c\u307e\u3059\uff09\u306f\u3001\u30a2\u30b8\u30a2\u5927\u9678\u306e\u6771\u6d77\u5cb8\u306e\u5317\u7def20025\u5ea6\u304b\u30894 [&hellip;]<\/p>","protected":false},"author":1,"featured_media":0,"parent":0,"menu_order":0,"comment_status":"closed","ping_status":"closed","template":"","meta":{"vkexunit_cta_each_option":"","footnotes":""},"class_list":["post-594","page","type-page","status-publish","hentry"],"aioseo_notices":[],"_links":{"self":[{"href":"https:\/\/ahreco.vn\/vi\/wp-json\/wp\/v2\/pages\/594","targetHints":{"allow":["GET"]}}],"collection":[{"href":"https:\/\/ahreco.vn\/vi\/wp-json\/wp\/v2\/pages"}],"about":[{"href":"https:\/\/ahreco.vn\/vi\/wp-json\/wp\/v2\/types\/page"}],"author":[{"embeddable":true,"href":"https:\/\/ahreco.vn\/vi\/wp-json\/wp\/v2\/users\/1"}],"replies":[{"embeddable":true,"href":"https:\/\/ahreco.vn\/vi\/wp-json\/wp\/v2\/comments?post=594"}],"version-history":[{"count":13,"href":"https:\/\/ahreco.vn\/vi\/wp-json\/wp\/v2\/pages\/594\/revisions"}],"predecessor-version":[{"id":629,"href":"https:\/\/ahreco.vn\/vi\/wp-json\/wp\/v2\/pages\/594\/revisions\/629"}],"wp:attachment":[{"href":"https:\/\/ahreco.vn\/vi\/wp-json\/wp\/v2\/media?parent=594"}],"curies":[{"name":"wp","href":"https:\/\/api.w.org\/{rel}","templated":true}]}}