{"id":757,"date":"2022-09-10T11:03:22","date_gmt":"2022-09-10T02:03:22","guid":{"rendered":"https:\/\/ahreco.vn\/?page_id=757"},"modified":"2022-09-10T11:26:04","modified_gmt":"2022-09-10T02:26:04","slug":"event","status":"publish","type":"page","link":"https:\/\/ahreco.vn\/vi\/education-jp\/event\/","title":{"rendered":"Gi\u1edbi thi\u1ec7u s\u1ef1 ki\u1ec7n trung t\u00e2m \u0111\u00e0o t\u1ea1o"},"content":{"rendered":"<iframe loading=\"lazy\" src=\"https:\/\/www.facebook.com\/plugins\/post.php?href=https%3A%2F%2Fwww.facebook.com%2FDaotao.Nhanluc.AChau%2Fposts%2Fpfbid02fCmvZFChwFYdNyptz5YC9WpgtY2j88VUMcoHdgcscjBd8WAUSkVxuavWJ1CHh8r5l&amp;width=400&amp;show_text=true&amp;height=627&amp;appId\" width=\"400\" height=\"627\" style=\"border:none;overflow:hidden\" scrolling=\"no\" frameborder=\"0\" allowfullscreen=\"true\" allow=\"autoplay; clipboard-write; encrypted-media; picture-in-picture; web-share\"><\/iframe>\n\n\n\n<div class=\"wp-block-group\"><div class=\"wp-block-group__inner-container is-layout-flow wp-block-group-is-layout-flow\">\n<div class=\"wp-block-columns is-layout-flex wp-container-core-columns-is-layout-9d6595d7 wp-block-columns-is-layout-flex\">\n<div class=\"wp-block-column is-layout-flow wp-block-column-is-layout-flow\">\n<iframe loading=\"lazy\" src=\"https:\/\/www.facebook.com\/plugins\/post.php?href=https%3A%2F%2Fwww.facebook.com%2FDaotao.Nhanluc.AChau%2Fposts%2Fpfbid039QKKNvm67oRRvfbhUN8vr2WAGKEXBfXMfJndTtsAVgyiGPLipXV1uTgo477raaAl&amp;width=400&amp;show_text=true&amp;height=548&amp;appId\" width=\"400\" height=\"548\" style=\"border:none;overflow:hidden\" scrolling=\"no\" frameborder=\"0\" allowfullscreen=\"true\" allow=\"autoplay; clipboard-write; encrypted-media; picture-in-picture; web-share\"><\/iframe>\n<\/div>\n<\/div>\n<\/div><\/div>\n\n\n\n<iframe loading=\"lazy\" src=\"https:\/\/www.facebook.com\/plugins\/post.php?href=https%3A%2F%2Fwww.facebook.com%2FDaotao.Nhanluc.AChau%2Fposts%2Fpfbid0KizoUdjFYSwJ4mEAqo2E97nzwAvxRfLzxqpDkreoF1rn4ES9KNHVAdZMCC7PAVf8l&amp;width=400&amp;show_text=false&amp;height=896&amp;appId\" width=\"400\" height=\"896\" style=\"border:none;overflow:hidden\" scrolling=\"no\" frameborder=\"0\" allowfullscreen=\"true\" allow=\"autoplay; clipboard-write; encrypted-media; picture-in-picture; web-share\"><\/iframe>\n\n\n\n<div class=\"wp-block-columns is-layout-flex wp-container-core-columns-is-layout-9d6595d7 wp-block-columns-is-layout-flex\">\n<div class=\"wp-block-column is-layout-flow wp-block-column-is-layout-flow\">\n<iframe loading=\"lazy\" src=\"https:\/\/www.facebook.com\/plugins\/post.php?href=https%3A%2F%2Fwww.facebook.com%2FDaotao.Nhanluc.AChau%2Fposts%2Fpfbid02qyTSmGeUNJndoevo5YWdmdYCLent6SHAeYAiXMCbqDg93RM82bCXJiqEWcvYADi7l&amp;width=400&amp;show_text=false&amp;height=716&amp;appId\" width=\"400\" height=\"716\" style=\"border:none;overflow:hidden\" scrolling=\"no\" frameborder=\"0\" allowfullscreen=\"true\" allow=\"autoplay; clipboard-write; encrypted-media; picture-in-picture; web-share\"><\/iframe>\n<\/div>\n<\/div>\n\n\n\n<iframe loading=\"lazy\" src=\"https:\/\/www.facebook.com\/plugins\/post.php?href=https%3A%2F%2Fwww.facebook.com%2FDaotao.Nhanluc.AChau%2Fposts%2Fpfbid0fPojgwL78cWfRpDDn9soTxYLUaUf3hzbu4WW3WCSvnUjXeK6Sad5wDDo8LkpGt7hl&amp;width=400&amp;show_text=false&amp;height=574&amp;appId\" width=\"400\" height=\"574\" style=\"border:none;overflow:hidden\" scrolling=\"no\" frameborder=\"0\" allowfullscreen=\"true\" allow=\"autoplay; clipboard-write; encrypted-media; picture-in-picture; web-share\"><\/iframe>\n<div class=\"veu_socialSet veu_socialSet-position-after veu_contentAddSection\"><script>window.twttr=(function(d,s,id){var js,fjs=d.getElementsByTagName(s)[0],t=window.twttr||{};if(d.getElementById(id))return t;js=d.createElement(s);js.id=id;js.src=\"https:\/\/platform.twitter.com\/widgets.js\";fjs.parentNode.insertBefore(js,fjs);t._e=[];t.ready=function(f){t._e.push(f);};return t;}(document,\"script\",\"twitter-wjs\"));<\/script><ul><li class=\"sb_facebook sb_icon\"><a class=\"sb_icon_inner\" href=\"\/\/www.facebook.com\/sharer.php?src=bm&u=https%3A%2F%2Fahreco.vn%2Fvi%2Feducation-jp%2Fevent%2F&amp;t=%E3%82%A2%E3%82%B8%E3%82%A2%E4%BA%BA%E6%9D%90%E8%82%B2%E6%88%90%E6%9C%89%E9%99%90%E4%BC%9A%E7%A4%BE%EF%BC%88AHRE.CO%EF%BC%89\" target=\"_blank\" onclick=\"window.open(this.href,'FBwindow','width=650,height=450,menubar=no,toolbar=no,scrollbars=yes');return false;\"><span class=\"vk_icon_w_r_sns_fb icon_sns\"><\/span><span class=\"sns_txt\">Facebook<\/span><span class=\"veu_count_sns_fb\"><\/span><\/a><\/li><li class=\"sb_twitter sb_icon\"><a class=\"sb_icon_inner\" href=\"\/\/twitter.com\/intent\/tweet?url=https%3A%2F%2Fahreco.vn%2Fvi%2Feducation-jp%2Fevent%2F&amp;text=%E3%82%A2%E3%82%B8%E3%82%A2%E4%BA%BA%E6%9D%90%E8%82%B2%E6%88%90%E6%9C%89%E9%99%90%E4%BC%9A%E7%A4%BE%EF%BC%88AHRE.CO%EF%BC%89\" target=\"_blank\" ><span class=\"vk_icon_w_r_sns_twitter icon_sns\"><\/span><span class=\"sns_txt\">twitter<\/span><\/a><\/li><li class=\"sb_copy sb_icon\"><button class=\"copy-button sb_icon_inner\"data-clipboard-text=\"\u30a2\u30b8\u30a2\u4eba\u6750\u80b2\u6210\u6709\u9650\u4f1a\u793e\uff08AHRE.CO\uff09 https:\/\/ahreco.vn\/vi\/education-jp\/event\/\"><span class=\"vk_icon_w_r_sns_copy icon_sns\"><i class=\"fas fa-copy\"><\/i><\/span><span class=\"sns_txt\">Copy<\/span><\/button><\/li><\/ul><\/div><!-- [ \/.socialSet ] -->","protected":false},"excerpt":{"rendered":"","protected":false},"author":1,"featured_media":0,"parent":83,"menu_order":0,"comment_status":"closed","ping_status":"closed","template":"","meta":{"vkexunit_cta_each_option":"","footnotes":""},"class_list":["post-757","page","type-page","status-publish","hentry"],"aioseo_notices":[],"_links":{"self":[{"href":"https:\/\/ahreco.vn\/vi\/wp-json\/wp\/v2\/pages\/757","targetHints":{"allow":["GET"]}}],"collection":[{"href":"https:\/\/ahreco.vn\/vi\/wp-json\/wp\/v2\/pages"}],"about":[{"href":"https:\/\/ahreco.vn\/vi\/wp-json\/wp\/v2\/types\/page"}],"author":[{"embeddable":true,"href":"https:\/\/ahreco.vn\/vi\/wp-json\/wp\/v2\/users\/1"}],"replies":[{"embeddable":true,"href":"https:\/\/ahreco.vn\/vi\/wp-json\/wp\/v2\/comments?post=757"}],"version-history":[{"count":13,"href":"https:\/\/ahreco.vn\/vi\/wp-json\/wp\/v2\/pages\/757\/revisions"}],"predecessor-version":[{"id":772,"href":"https:\/\/ahreco.vn\/vi\/wp-json\/wp\/v2\/pages\/757\/revisions\/772"}],"up":[{"embeddable":true,"href":"https:\/\/ahreco.vn\/vi\/wp-json\/wp\/v2\/pages\/83"}],"wp:attachment":[{"href":"https:\/\/ahreco.vn\/vi\/wp-json\/wp\/v2\/media?parent=757"}],"curies":[{"name":"wp","href":"https:\/\/api.w.org\/{rel}","templated":true}]}}