{"id":9,"date":"2022-03-23T06:34:47","date_gmt":"2022-03-22T21:34:47","guid":{"rendered":"https:\/\/ahreco.vn\/?page_id=9"},"modified":"2022-03-31T18:29:10","modified_gmt":"2022-03-31T09:29:10","slug":"services","status":"publish","type":"page","link":"https:\/\/ahreco.vn\/vi\/services\/","title":{"rendered":"Gi\u1edbi thi\u1ec7u"},"content":{"rendered":"<h3 class=\"has-text-align-center is-style-vk-heading-double_black wp-block-heading\"><strong>Th\u00f4ng \u0111i\u1ec7p t\u1eeb gi\u00e1m \u0111\u1ed1c<\/strong><\/h3>\n\n\n\n<div class=\"wp-block-columns is-layout-flex wp-container-core-columns-is-layout-9d6595d7 wp-block-columns-is-layout-flex\">\n<div class=\"wp-block-column is-vertically-aligned-center is-layout-flow wp-block-column-is-layout-flow\" style=\"flex-basis:66.66%\">\n<p>T\u00f4i \u0111\u00e3 c\u00f3 tr\u00ean 10 n\u0103m h\u1ecdc t\u1eadp v\u00e0 l\u00e0m vi\u1ec7c t\u1ea1i \u0111\u1ea5t n\u01b0\u1edbc Nh\u1eadt B\u1ea3n. Trong th\u1eddi gian \u0111\u00f3, t\u00f4i \u0111\u00e3 \u0111\u01b0\u1ee3c ti\u1ebfp x\u00fac v\u1edbi n\u1ec1n c\u00f4ng nghi\u1ec7p k\u0129 thu\u1eadt hi\u1ec7n \u0111\u1ea1i c\u1ee7a Nh\u1eadt B\u1ea3n, hi\u1ec3u \u0111\u01b0\u1ee3c t\u01b0 duy logic c\u1ee7a ng\u01b0\u1eddi Nh\u1eadt, c\u0169ng nh\u01b0 c\u01a1 h\u1ed9i k\u1ebft b\u1ea1n v\u1edbi nhi\u1ec1u ng\u01b0\u1eddi Nh\u1eadt B\u1ea3n. V\u1eadn d\u1ee5ng nh\u1eefng kinh nghi\u1ec7m \u0111\u00e3 c\u00f3, t\u00f4i ti\u1ebfn h\u00e0nh x\u00e2y d\u1ef1ng h\u1ec7 th\u1ed1ng qu\u1ea3n l\u00fd v\u00e0 h\u1ed7 tr\u1ee3 kh\u00e1ch h\u00e0ng Nh\u1eadt B\u1ea3n m\u1ed9t c\u00e1ch nhanh ch\u00f3ng v\u00e0 ch\u00ednh x\u00e1c nh\u1ea5t. Song song v\u1edbi vi\u1ec7c \u0111\u00e1p \u1ee9ng nhu c\u1ea7u \u0111\u00e0o t\u1ea1o nh\u00e2n l\u1ef1c c\u1ee7a c\u1ea3 hai n\u01b0\u1edbc, ch\u00fang t\u00f4i s\u1ebd ti\u1ebfp t\u1ee5c n\u1ed7 l\u1ef1c trong s\u1ef1 nghi\u1ec7p ph\u00e1i c\u1eed c\u1ee7a m\u00ecnh, tu\u00e2n th\u1ee7 lu\u1eadt ph\u00e1p c\u1ee7a hai qu\u1ed1c gia, nh\u1eb1m th\u00fac \u0111\u1ea9y h\u01a1n n\u1eefa quan h\u1ec7 h\u1eefu ngh\u1ecb v\u00e0 h\u1ee3p t\u00e1c kinh t\u1ebf gi\u1eefa Vi\u1ec7t Nam v\u00e0 Nh\u1eadt B\u1ea3n.<\/p>\n<\/div>\n\n\n\n<div class=\"wp-block-column is-layout-flow wp-block-column-is-layout-flow\" style=\"flex-basis:33.33%\">\n<figure class=\"wp-block-image size-large is-style-rounded\"><img loading=\"lazy\" decoding=\"async\" width=\"1024\" height=\"812\" src=\"https:\/\/ahreco.vn\/wp-content\/uploads\/2022\/03\/KTV00001-2-1024x812.jpg\" alt=\"\" class=\"wp-image-414\" srcset=\"https:\/\/ahreco.vn\/wp-content\/uploads\/2022\/03\/KTV00001-2-1024x812.jpg 1024w, https:\/\/ahreco.vn\/wp-content\/uploads\/2022\/03\/KTV00001-2-300x238.jpg 300w, https:\/\/ahreco.vn\/wp-content\/uploads\/2022\/03\/KTV00001-2-768x609.jpg 768w, https:\/\/ahreco.vn\/wp-content\/uploads\/2022\/03\/KTV00001-2-1536x1218.jpg 1536w, https:\/\/ahreco.vn\/wp-content\/uploads\/2022\/03\/KTV00001-2-2048x1625.jpg 2048w\" sizes=\"auto, (max-width: 1024px) 100vw, 1024px\" \/><figcaption>Gi\u00e1m \u0111\u1ed1c \u0111i\u1ec1u h\u00e0nh&nbsp;<br>Phan Thi Hai Anh<br>\u30d5\u30a1\u30f3 \u30c6\u30a3 \u30cf\u30a4 \u30a2\u30a4\u30f3&nbsp;<\/figcaption><\/figure>\n<\/div>\n<\/div>\n\n\n\n<h3 class=\"has-text-align-center is-style-vk-heading-double_black wp-block-heading\"><strong>TH\u00d4NG TIN C\u00d4NG TY<\/strong><\/h3>\n\n\n\n<p>Vi\u1ec7t Nam \u0111\u00e3 \u0111ang h\u1ed9i nh\u1eadp m\u1ea1nh m\u1ebd v\u1edbi n\u1ec1n kinh t\u1ebf th\u1ebf gi\u1edbi, t\u1eeb \u0111\u00f3 m\u1edf ra c\u01a1 h\u1ed9i cho r\u1ea5t nhi\u1ec1u ng\u00e0nh ngh\u1ec1 kinh t\u1ebf - x\u00e3 h\u1ed9i c\u00f3 kh\u1ea3 n\u0103ng ph\u00e1t tri\u1ec3n. C\u00f4ng t\u00e1c \u0111\u01b0a lao \u0111\u1ed9ng Vi\u1ec7t Nam \u0111i l\u00e0m vi\u1ec7c \u1edf n\u01b0\u1edbc ngo\u00e0i theo h\u1ee3p \u0111\u1ed3ng l\u00e0 ch\u1ee7 tr\u01b0\u01a1ng c\u1ee7a \u0110\u1ea3ng v\u00e0 Nh\u00e0 n\u01b0\u1edbc, l\u00e0 m\u1ed9t chi\u1ebfn l\u01b0\u1ee3c quan tr\u1ecdng nh\u1eb1m khuy\u1ebfn kh\u00edch n\u00e2ng cao tr\u00ecnh \u0111\u1ed9 chuy\u00ean m\u00f4n k\u1ef9 thu\u1eadt c\u1ee7a ng\u01b0\u1eddi lao \u0111\u1ed9ng Vi\u1ec7t Nam \u0111i l\u00e0m vi\u1ec7c \u1edf n\u01b0\u1edbc ngo\u00e0i theo h\u1ee3p \u0111\u1ed3ng; ph\u00e1t huy v\u00e0 s\u1eed d\u1ee5ng hi\u1ec7u qu\u1ea3 ngu\u1ed3n lao \u0111\u1ed9ng sau khi \u0111i l\u00e0m vi\u1ec7c \u1edf n\u01b0\u1edbc ngo\u00e0i tr\u1edf v\u1ec1.<\/p>\n\n\n\n<p>Ng\u01b0\u1eddi lao \u0111\u1ed9ng Vi\u1ec7t Nam \u0111i l\u00e0m vi\u1ec7c \u1edf n\u01b0\u1edbc ngo\u00e0i theo h\u1ee3p \u0111\u1ed3ng trong m\u1ed9t s\u1ed1 ng\u00e0nh, ngh\u1ec1, c\u00f4ng vi\u1ec7c c\u1ee5 th\u1ec3 c\u00f3 tr\u00ecnh \u0111\u1ed9 chuy\u00ean m\u00f4n k\u1ef9 thu\u1eadt cao ho\u1eb7c Vi\u1ec7t Nam c\u00f3 \u01b0u th\u1ebf \u0111\u01b0\u1ee3c h\u01b0\u1edfng m\u1ed9t s\u1ed1 c\u01a1 ch\u1ebf, ch\u00ednh s\u00e1ch \u0111\u1eb7c th\u00f9 nh\u1eb1m thu h\u00fat, th\u00fac \u0111\u1ea9y v\u00e0 h\u1ed7 tr\u1ee3 ph\u00e1t tri\u1ec3n ng\u00e0nh, ngh\u1ec1, c\u00f4ng vi\u1ec7c \u0111\u1ec3 \u0111i l\u00e0m vi\u1ec7c \u1edf n\u01b0\u1edbc ngo\u00e0i theo h\u1ee3p \u0111\u1ed3ng v\u00e0 s\u1eed d\u1ee5ng ng\u01b0\u1eddi lao \u0111\u1ed9ng sau khi v\u1ec1 n\u01b0\u1edbc ph\u00f9 h\u1ee3p v\u1edbi \u0111i\u1ec1u ki\u1ec7n kinh t\u1ebf - x\u00e3 h\u1ed9i trong t\u1eebng th\u1eddi k\u1ef3 theo quy \u0111\u1ecbnh c\u1ee7a Ch\u00ednh ph\u1ee7.<\/p>\n\n\n\n<p>C\u00f4ng ty TNHH \u0110\u00e0o t\u1ea1o Nh\u00e2n l\u1ef1c \u00c1 Ch\u00e2u l\u00e0 \u0111\u01a1n v\u1ecb ph\u00e1i c\u1eed th\u1ef1c t\u1eadp sinh k\u1ef9 n\u0103ng, th\u1ef1c t\u1eadp sinh k\u1ef9 n\u0103ng s\u1ed1 3, lao \u0111\u1ed9ng \u0111\u1eb7c \u0111\u1ecbnh, v\u00e0 k\u1ef9 s\u01b0 sang th\u1ecb tr\u01b0\u1eddng Nh\u1eadt B\u1ea3n, \u0111\u01b0\u1ee3c B\u1ed9 Lao \u0111\u1ed9ng Th\u01b0\u01a1ng binh x\u00e3 h\u1ed9i c\u1ea5p ph\u00e9p  gi\u1ea5y ph\u00e9p  s\u1ed1 1167\/BL\u0110TBXH. C\u00f4ng ty TNHH \u0110\u00e0o T\u1ea1o Nh\u00e2n L\u1ef1c \u00c1 Ch\u00e2u k\u1ec3 t\u1eeb khi th\u00e0nh l\u1eadp n\u0103m 2013 \u0111\u1ebfn nay \u0111\u00e3 kh\u00f4ng ng\u1eebng ph\u00e1t huy th\u1ebf m\u1ea1nh, kh\u1eb3ng \u0111\u1ecbnh uy t\u00edn v\u1edbi ng\u01b0\u1eddi lao \u0111\u1ed9ng tr\u00ean c\u1ea3 n\u01b0\u1edbc. Li\u00ean t\u1ee5c t\u1eeb n\u0103m 2017, c\u00f4ng ty \u0111\u01b0\u1ee3c Hi\u1ec7p h\u1ed9i xu\u1ea5t kh\u1ea9u lao \u0111\u1ed9ng Vi\u1ec7t Nam x\u1ebfp h\u1ea1ng 5 sao, ch\u00fang t\u00f4i t\u1ef1 h\u00e0o l\u00e0 \u0111\u1ecba ch\u1ec9 tin c\u1eady \u0111\u01b0\u1ee3c ng\u01b0\u1eddi lao \u0111\u1ed9ng l\u1ef1a ch\u1ecdn \u0111\u1ec3 th\u1ef1c hi\u1ec7n \u01b0\u1edbc m\u01a1 \u0111i tu nghi\u1ec7p t\u1ea1i Nh\u1eadt B\u1ea3n c\u1ee7a m\u00ecnh.<\/p>\n\n\n\n<div class=\"wp-block-columns is-layout-flex wp-container-core-columns-is-layout-9d6595d7 wp-block-columns-is-layout-flex\">\n<div class=\"wp-block-column is-layout-flow wp-block-column-is-layout-flow\" style=\"flex-basis:33.33%\">\n<figure class=\"wp-block-image size-large is-style-vk-image-border\"><img loading=\"lazy\" decoding=\"async\" width=\"720\" height=\"1024\" src=\"https:\/\/ahreco.vn\/wp-content\/uploads\/2022\/03\/z3305096330428_6415075e2b4edfc962d092ab31202029-720x1024.jpg\" alt=\"\" class=\"wp-image-656\" srcset=\"https:\/\/ahreco.vn\/wp-content\/uploads\/2022\/03\/z3305096330428_6415075e2b4edfc962d092ab31202029-720x1024.jpg 720w, https:\/\/ahreco.vn\/wp-content\/uploads\/2022\/03\/z3305096330428_6415075e2b4edfc962d092ab31202029-211x300.jpg 211w, https:\/\/ahreco.vn\/wp-content\/uploads\/2022\/03\/z3305096330428_6415075e2b4edfc962d092ab31202029-768x1092.jpg 768w, https:\/\/ahreco.vn\/wp-content\/uploads\/2022\/03\/z3305096330428_6415075e2b4edfc962d092ab31202029-1080x1536.jpg 1080w, https:\/\/ahreco.vn\/wp-content\/uploads\/2022\/03\/z3305096330428_6415075e2b4edfc962d092ab31202029-8x12.jpg 8w, https:\/\/ahreco.vn\/wp-content\/uploads\/2022\/03\/z3305096330428_6415075e2b4edfc962d092ab31202029.jpg 1440w\" sizes=\"auto, (max-width: 720px) 100vw, 720px\" \/><\/figure>\n<\/div>\n\n\n\n<div class=\"wp-block-column is-layout-flow wp-block-column-is-layout-flow\" style=\"flex-basis:66.66%\">\n<figure class=\"wp-block-table is-style-vk-table-border-stripes\"><table><tbody><tr><td>T\u00caN C\u00d4NG TY<\/td><td>C\u00d4NG TY TNHH \u0110\u00c0O T\u1ea0O NH\u00c2N L\u1ef0C \u00c1 CH\u00c2U (T\u00ean vi\u1ebft t\u1eaft: AHRE)<\/td><\/tr><tr><td>Tr\u1ee5 s\u1edf ch\u00ednh - Trung t\u00e2m \u0111\u00e0o t\u1ea1o<\/td><td>L\u00e0ng N\u00f4ng L\u00e2m, x\u00e3 Ph\u00fa C\u00e1t, huy\u1ec7n Qu\u1ed1c Oai, H\u00e0 N\u1ed9i&nbsp;<\/td><\/tr><tr><td>V\u0103n ph\u00f2ng tuy\u1ec3n d\u1ee5ng<\/td><td>Vinata Tower Building 2B Floor 3, 289 Khuat Duy Tien, Cau Giay, Hanoi<\/td><\/tr><tr><td>N\u0103m th\u00e0nh l\u1eadp<\/td><td>N\u0103m 1998<\/td><\/tr><tr><td>T\u01b0 nh\u00e2n ho\u00e1 - \u0110\u1ed5i t\u00ean c\u00f4ng ty<\/td><td>N\u0103m 2013<\/td><\/tr><tr><td>V\u1ed1n \u0111i\u1ec1u l\u1ec7<\/td><td>6,9 T\u1ef7 \u0111\u1ed3ng (Kho\u1ea3ng 35 tri\u1ec7u Y\u00ean)<\/td><\/tr><tr><td>NG\u00c2N H\u00c0NG GIAO D\u1ecaCH<\/td><td>VIETINBANK<\/td><\/tr><tr><td>S\u1ed0 L\u01af\u1ee2NG NH\u00c2N VI\u00caN<\/td><td>30 ng\u01b0\u1eddi<\/td><\/tr><\/tbody><\/table><\/figure>\n<\/div>\n<\/div>\n\n\n\n<h3 class=\"has-text-align-center is-style-vk-heading-double_black wp-block-heading\"><strong>\u0110\u00c1NH GI\u00c1 DOANH NGHI\u1ec6P<\/strong><\/h3>\n\n\n\n<div class=\"wp-block-columns is-layout-flex wp-container-core-columns-is-layout-9d6595d7 wp-block-columns-is-layout-flex\">\n<div class=\"wp-block-column is-layout-flow wp-block-column-is-layout-flow\" style=\"flex-basis:33.33%\">\n<div class=\"wp-block-image\"><figure class=\"aligncenter size-full is-resized\"><img loading=\"lazy\" decoding=\"async\" src=\"https:\/\/ahreco.vn\/wp-content\/uploads\/2022\/03\/VAMAS.webp\" alt=\"\" class=\"wp-image-120\" width=\"234\" height=\"288\" srcset=\"https:\/\/ahreco.vn\/wp-content\/uploads\/2022\/03\/VAMAS.webp 370w, https:\/\/ahreco.vn\/wp-content\/uploads\/2022\/03\/VAMAS-243x300.webp 243w\" sizes=\"auto, (max-width: 234px) 100vw, 234px\" \/><\/figure><\/div>\n<\/div>\n\n\n\n<div class=\"wp-block-column is-layout-flow wp-block-column-is-layout-flow\" style=\"flex-basis:66.66%\">\n<p>T\u1eeb th\u00e1ng 4\/2018 \u0111\u1ebfn nay, C\u00f4ng ty TNHH Ph\u00e1t tri\u1ec3n Nh\u00e2n l\u1ef1c \u00c1 Ch\u00e2u (vi\u1ebft t\u1eaft: AHRECO) \u0111\u00e3 \u0111\u01b0\u1ee3c Hi\u1ec7p h\u1ed9i Ph\u00e1i c\u1eed Lao \u0111\u1ed9ng N\u01b0\u1edbc ngo\u00e0i (VAMAS) \u0111\u00e1nh gi\u00e1 5 sao, \u0111i\u1ec1u \u0111\u00f3 l\u00e0 m\u1ed9t b\u1eb1ng ch\u1ee9ng cho th\u1ea5y \u00c1 Ch\u00e2u l\u00e0 m\u1ed9t c\u00f4ng ty \u01b0u t\u00fa.\nVi\u1ec7c n\u00e0y c\u0169ng l\u00e0 nh\u1edd c\u00f3 s\u1ef1 gi\u00fap \u0111\u1ee1 c\u1ee7a c\u00e1c c\u00f4ng ty \u0111\u1ed1i t\u00e1c, nghi\u1ec7p \u0111o\u00e0n v\u00e0 s\u1ef1 n\u1ed7 l\u1ef1c c\u1ee7a to\u00e0n th\u1ec3 nh\u00e2n vi\u00ean c\u00f4ng ty.<\/p>\n\n\n\n<p>Hi\u1ec7p h\u1ed9i ph\u00e1i c\u1eed lao \u0111\u1ed9ng ra n\u01b0\u1edbc ngo\u00e0i (VAMAS) l\u00e0 g\u00ec?<\/p>\n\n\n\n<p><a rel=\"noreferrer noopener\" href=\"http:\/\/www.vamas.com.vn\/the-2017-vietnamese-recruitment-agency-rank-released_t221c682n44481\" target=\"_blank\">http:\/\/www.vamas.com.vn\/the-2017-vietnamese-recruitment-agency-rank-released_t221c682n44481<\/a><\/p>\n<\/div>\n<\/div>\n\n\n\n<h3 class=\"has-text-align-center is-style-vk-heading-double_black wp-block-heading\"><strong>C\u00f4ng ty c\u1ee7a ch\u00fang t\u00f4i \u0111\u00e3 \u0111\u01b0\u1ee3c gi\u1edbi thi\u1ec7u tr\u00ean b\u00e1o Okinawa!<\/strong><\/h3>\n\n\n\n<figure class=\"wp-block-image size-large is-style-vk-image-photoFrame\"><img loading=\"lazy\" decoding=\"async\" width=\"1024\" height=\"576\" src=\"https:\/\/ahreco.vn\/wp-content\/uploads\/2022\/03\/cf673e_969d8609ae54441ba7ebc0ecb38f22c4_mv2-1024x576.webp\" alt=\"\" class=\"wp-image-122\" srcset=\"https:\/\/ahreco.vn\/wp-content\/uploads\/2022\/03\/cf673e_969d8609ae54441ba7ebc0ecb38f22c4_mv2-1024x576.webp 1024w, https:\/\/ahreco.vn\/wp-content\/uploads\/2022\/03\/cf673e_969d8609ae54441ba7ebc0ecb38f22c4_mv2-300x169.webp 300w, https:\/\/ahreco.vn\/wp-content\/uploads\/2022\/03\/cf673e_969d8609ae54441ba7ebc0ecb38f22c4_mv2-768x432.webp 768w, https:\/\/ahreco.vn\/wp-content\/uploads\/2022\/03\/cf673e_969d8609ae54441ba7ebc0ecb38f22c4_mv2-1536x864.webp 1536w, https:\/\/ahreco.vn\/wp-content\/uploads\/2022\/03\/cf673e_969d8609ae54441ba7ebc0ecb38f22c4_mv2-320x180.webp 320w, https:\/\/ahreco.vn\/wp-content\/uploads\/2022\/03\/cf673e_969d8609ae54441ba7ebc0ecb38f22c4_mv2.webp 1920w\" sizes=\"auto, (max-width: 1024px) 100vw, 1024px\" \/><\/figure>\n\n\n\n<figure class=\"wp-block-image size-large is-style-vk-image-photoFrame\"><img loading=\"lazy\" decoding=\"async\" width=\"1024\" height=\"576\" src=\"https:\/\/ahreco.vn\/wp-content\/uploads\/2022\/03\/cf673e_11bc4f221cf4442e938ba1ed0fed0b63_mv2-1024x576.webp\" alt=\"\" class=\"wp-image-121\" srcset=\"https:\/\/ahreco.vn\/wp-content\/uploads\/2022\/03\/cf673e_11bc4f221cf4442e938ba1ed0fed0b63_mv2-1024x576.webp 1024w, https:\/\/ahreco.vn\/wp-content\/uploads\/2022\/03\/cf673e_11bc4f221cf4442e938ba1ed0fed0b63_mv2-300x169.webp 300w, https:\/\/ahreco.vn\/wp-content\/uploads\/2022\/03\/cf673e_11bc4f221cf4442e938ba1ed0fed0b63_mv2-768x432.webp 768w, https:\/\/ahreco.vn\/wp-content\/uploads\/2022\/03\/cf673e_11bc4f221cf4442e938ba1ed0fed0b63_mv2-1536x864.webp 1536w, https:\/\/ahreco.vn\/wp-content\/uploads\/2022\/03\/cf673e_11bc4f221cf4442e938ba1ed0fed0b63_mv2-320x180.webp 320w, https:\/\/ahreco.vn\/wp-content\/uploads\/2022\/03\/cf673e_11bc4f221cf4442e938ba1ed0fed0b63_mv2.webp 1920w\" sizes=\"auto, (max-width: 1024px) 100vw, 1024px\" \/><\/figure>\n<div class=\"veu_socialSet veu_socialSet-position-after veu_contentAddSection\"><script>window.twttr=(function(d,s,id){var js,fjs=d.getElementsByTagName(s)[0],t=window.twttr||{};if(d.getElementById(id))return t;js=d.createElement(s);js.id=id;js.src=\"https:\/\/platform.twitter.com\/widgets.js\";fjs.parentNode.insertBefore(js,fjs);t._e=[];t.ready=function(f){t._e.push(f);};return t;}(document,\"script\",\"twitter-wjs\"));<\/script><ul><li class=\"sb_facebook sb_icon\"><a class=\"sb_icon_inner\" href=\"\/\/www.facebook.com\/sharer.php?src=bm&u=https%3A%2F%2Fahreco.vn%2Fvi%2Fservices%2F&amp;t=%E3%82%A2%E3%82%B8%E3%82%A2%E4%BA%BA%E6%9D%90%E8%82%B2%E6%88%90%E6%9C%89%E9%99%90%E4%BC%9A%E7%A4%BE%EF%BC%88AHRE.CO%EF%BC%89\" target=\"_blank\" onclick=\"window.open(this.href,'FBwindow','width=650,height=450,menubar=no,toolbar=no,scrollbars=yes');return false;\"><span class=\"vk_icon_w_r_sns_fb icon_sns\"><\/span><span class=\"sns_txt\">Facebook<\/span><span class=\"veu_count_sns_fb\"><\/span><\/a><\/li><li class=\"sb_twitter sb_icon\"><a class=\"sb_icon_inner\" href=\"\/\/twitter.com\/intent\/tweet?url=https%3A%2F%2Fahreco.vn%2Fvi%2Fservices%2F&amp;text=%E3%82%A2%E3%82%B8%E3%82%A2%E4%BA%BA%E6%9D%90%E8%82%B2%E6%88%90%E6%9C%89%E9%99%90%E4%BC%9A%E7%A4%BE%EF%BC%88AHRE.CO%EF%BC%89\" target=\"_blank\" ><span class=\"vk_icon_w_r_sns_twitter icon_sns\"><\/span><span class=\"sns_txt\">twitter<\/span><\/a><\/li><li class=\"sb_copy sb_icon\"><button class=\"copy-button sb_icon_inner\"data-clipboard-text=\"\u30a2\u30b8\u30a2\u4eba\u6750\u80b2\u6210\u6709\u9650\u4f1a\u793e\uff08AHRE.CO\uff09 https:\/\/ahreco.vn\/vi\/services\/\"><span class=\"vk_icon_w_r_sns_copy icon_sns\"><i class=\"fas fa-copy\"><\/i><\/span><span class=\"sns_txt\">Copy<\/span><\/button><\/li><\/ul><\/div><!-- [ \/.socialSet ] -->","protected":false},"excerpt":{"rendered":"<p>\u793e\u9577\u6328\u62f6 \u79c1\u306f\u7559\u5b66\u3068\u4f01\u696d\u52e4\u52d9\u3092\u542b\u3081\u306610\u5e74\u4ee5\u4e0a\u65e5\u672c\u306b\u6ede\u5728\u3057\u3066\u304a\u308a\u307e\u3057\u305f\u3002\u3053\u306e\u9593\u3001\u65e5\u672c\u306e\u9ad8\u3044\u6280\u8853\u3068\u5408\u7406\u7684\u306a\u601d\u8003\u306b [&hellip;]<\/p>","protected":false},"author":1,"featured_media":0,"parent":0,"menu_order":6,"comment_status":"closed","ping_status":"closed","template":"","meta":{"vkexunit_cta_each_option":"","footnotes":""},"class_list":["post-9","page","type-page","status-publish","hentry"],"aioseo_notices":[],"_links":{"self":[{"href":"https:\/\/ahreco.vn\/vi\/wp-json\/wp\/v2\/pages\/9","targetHints":{"allow":["GET"]}}],"collection":[{"href":"https:\/\/ahreco.vn\/vi\/wp-json\/wp\/v2\/pages"}],"about":[{"href":"https:\/\/ahreco.vn\/vi\/wp-json\/wp\/v2\/types\/page"}],"author":[{"embeddable":true,"href":"https:\/\/ahreco.vn\/vi\/wp-json\/wp\/v2\/users\/1"}],"replies":[{"embeddable":true,"href":"https:\/\/ahreco.vn\/vi\/wp-json\/wp\/v2\/comments?post=9"}],"version-history":[{"count":23,"href":"https:\/\/ahreco.vn\/vi\/wp-json\/wp\/v2\/pages\/9\/revisions"}],"predecessor-version":[{"id":660,"href":"https:\/\/ahreco.vn\/vi\/wp-json\/wp\/v2\/pages\/9\/revisions\/660"}],"wp:attachment":[{"href":"https:\/\/ahreco.vn\/vi\/wp-json\/wp\/v2\/media?parent=9"}],"curies":[{"name":"wp","href":"https:\/\/api.w.org\/{rel}","templated":true}]}}