{"id":952,"date":"2024-12-13T12:12:27","date_gmt":"2024-12-13T03:12:27","guid":{"rendered":"https:\/\/ahreco.vn\/?page_id=952"},"modified":"2025-12-23T16:28:04","modified_gmt":"2025-12-23T07:28:04","slug":"danh-sach-can-bo-cong-nhan-vien","status":"publish","type":"page","link":"https:\/\/ahreco.vn\/vi\/danh-sach-can-bo-cong-nhan-vien\/","title":{"rendered":"DANH S\u00c1CH C\u00c1N B\u1ed8 C\u00d4NG NH\u00c2N VI\u00caN"},"content":{"rendered":"<div data-wp-interactive=\"core\/file\" class=\"wp-block-file\"><object data-wp-bind--hidden=\"!state.hasPdfPreview\" hidden class=\"wp-block-file__embed\" data=\"https:\/\/ahreco.vn\/wp-content\/uploads\/2025\/12\/DANH-SACH-NHAN-VIEN-NGHIEP-VU.pdf\" type=\"application\/pdf\" style=\"width:100%;height:600px\" aria-label=\"Nh\u00fang file DANH S\u00c1CH NH\u00c2N VI\u00caN NGHI\u1ec6P V\u1ee4.\"><\/object><a id=\"wp-block-file--media-54a02a4f-3e02-4619-9f26-a59e5a2b8c19\" href=\"https:\/\/ahreco.vn\/wp-content\/uploads\/2025\/12\/DANH-SACH-NHAN-VIEN-NGHIEP-VU.pdf\">DANH S\u00c1CH NH\u00c2N VI\u00caN NGHI\u1ec6P V\u1ee4<\/a><a href=\"https:\/\/ahreco.vn\/wp-content\/uploads\/2025\/12\/DANH-SACH-NHAN-VIEN-NGHIEP-VU.pdf\" class=\"wp-block-file__button wp-element-button\" download aria-describedby=\"wp-block-file--media-54a02a4f-3e02-4619-9f26-a59e5a2b8c19\">\u30c0\u30a6\u30f3\u30ed\u30fc\u30c9<\/a><\/div>\n<div class=\"veu_socialSet veu_socialSet-position-after veu_contentAddSection\"><script>window.twttr=(function(d,s,id){var js,fjs=d.getElementsByTagName(s)[0],t=window.twttr||{};if(d.getElementById(id))return t;js=d.createElement(s);js.id=id;js.src=\"https:\/\/platform.twitter.com\/widgets.js\";fjs.parentNode.insertBefore(js,fjs);t._e=[];t.ready=function(f){t._e.push(f);};return t;}(document,\"script\",\"twitter-wjs\"));<\/script><ul><li class=\"sb_facebook sb_icon\"><a class=\"sb_icon_inner\" href=\"\/\/www.facebook.com\/sharer.php?src=bm&u=https%3A%2F%2Fahreco.vn%2Fvi%2Fdanh-sach-can-bo-cong-nhan-vien%2F&amp;t=%E3%82%A2%E3%82%B8%E3%82%A2%E4%BA%BA%E6%9D%90%E8%82%B2%E6%88%90%E6%9C%89%E9%99%90%E4%BC%9A%E7%A4%BE%EF%BC%88AHRE.CO%EF%BC%89\" target=\"_blank\" onclick=\"window.open(this.href,'FBwindow','width=650,height=450,menubar=no,toolbar=no,scrollbars=yes');return false;\"><span class=\"vk_icon_w_r_sns_fb icon_sns\"><\/span><span class=\"sns_txt\">Facebook<\/span><span class=\"veu_count_sns_fb\"><\/span><\/a><\/li><li class=\"sb_twitter sb_icon\"><a class=\"sb_icon_inner\" href=\"\/\/twitter.com\/intent\/tweet?url=https%3A%2F%2Fahreco.vn%2Fvi%2Fdanh-sach-can-bo-cong-nhan-vien%2F&amp;text=%E3%82%A2%E3%82%B8%E3%82%A2%E4%BA%BA%E6%9D%90%E8%82%B2%E6%88%90%E6%9C%89%E9%99%90%E4%BC%9A%E7%A4%BE%EF%BC%88AHRE.CO%EF%BC%89\" target=\"_blank\" ><span class=\"vk_icon_w_r_sns_twitter icon_sns\"><\/span><span class=\"sns_txt\">twitter<\/span><\/a><\/li><li class=\"sb_copy sb_icon\"><button class=\"copy-button sb_icon_inner\"data-clipboard-text=\"\u30a2\u30b8\u30a2\u4eba\u6750\u80b2\u6210\u6709\u9650\u4f1a\u793e\uff08AHRE.CO\uff09 https:\/\/ahreco.vn\/vi\/danh-sach-can-bo-cong-nhan-vien\/\"><span class=\"vk_icon_w_r_sns_copy icon_sns\"><i class=\"fas fa-copy\"><\/i><\/span><span class=\"sns_txt\">Copy<\/span><\/button><\/li><\/ul><\/div><!-- [ \/.socialSet ] -->","protected":false},"excerpt":{"rendered":"","protected":false},"author":1,"featured_media":0,"parent":0,"menu_order":0,"comment_status":"closed","ping_status":"closed","template":"","meta":{"vkexunit_cta_each_option":"","footnotes":""},"class_list":["post-952","page","type-page","status-publish","hentry"],"aioseo_notices":[],"_links":{"self":[{"href":"https:\/\/ahreco.vn\/vi\/wp-json\/wp\/v2\/pages\/952","targetHints":{"allow":["GET"]}}],"collection":[{"href":"https:\/\/ahreco.vn\/vi\/wp-json\/wp\/v2\/pages"}],"about":[{"href":"https:\/\/ahreco.vn\/vi\/wp-json\/wp\/v2\/types\/page"}],"author":[{"embeddable":true,"href":"https:\/\/ahreco.vn\/vi\/wp-json\/wp\/v2\/users\/1"}],"replies":[{"embeddable":true,"href":"https:\/\/ahreco.vn\/vi\/wp-json\/wp\/v2\/comments?post=952"}],"version-history":[{"count":2,"href":"https:\/\/ahreco.vn\/vi\/wp-json\/wp\/v2\/pages\/952\/revisions"}],"predecessor-version":[{"id":998,"href":"https:\/\/ahreco.vn\/vi\/wp-json\/wp\/v2\/pages\/952\/revisions\/998"}],"wp:attachment":[{"href":"https:\/\/ahreco.vn\/vi\/wp-json\/wp\/v2\/media?parent=952"}],"curies":[{"name":"wp","href":"https:\/\/api.w.org\/{rel}","templated":true}]}}